{"id":3088,"date":"2022-03-09T19:52:46","date_gmt":"2022-03-09T19:52:46","guid":{"rendered":"https:\/\/www.ahmedavnikonuk.com\/?page_id=3088"},"modified":"2025-07-31T05:33:24","modified_gmt":"2025-07-31T05:33:24","slug":"spiral","status":"publish","type":"page","link":"https:\/\/www.ahmedavnikonuk.com\/","title":{"rendered":"s\u00fcveyd\u00e2"},"content":{"rendered":"\n<figure class=\"wp-block-image size-large is-style-default\"><img loading=\"lazy\" decoding=\"async\" width=\"1024\" height=\"912\" src=\"https:\/\/www.ahmedavnikonuk.com\/wp-content\/uploads\/2020\/06\/cropped-\u00c7\u0130\u00c7EK-25-1024x912.png\" alt=\"\" class=\"wp-image-1483\" srcset=\"https:\/\/www.ahmedavnikonuk.com\/wp-content\/uploads\/2020\/06\/cropped-\u00c7\u0130\u00c7EK-25-1024x912.png 1024w, https:\/\/www.ahmedavnikonuk.com\/wp-content\/uploads\/2020\/06\/cropped-\u00c7\u0130\u00c7EK-25-300x267.png 300w, https:\/\/www.ahmedavnikonuk.com\/wp-content\/uploads\/2020\/06\/cropped-\u00c7\u0130\u00c7EK-25-768x684.png 768w, https:\/\/www.ahmedavnikonuk.com\/wp-content\/uploads\/2020\/06\/cropped-\u00c7\u0130\u00c7EK-25-1536x1367.png 1536w, https:\/\/www.ahmedavnikonuk.com\/wp-content\/uploads\/2020\/06\/cropped-\u00c7\u0130\u00c7EK-25-2048x1823.png 2048w, https:\/\/www.ahmedavnikonuk.com\/wp-content\/uploads\/2020\/06\/cropped-\u00c7\u0130\u00c7EK-25-795x708.png 795w\" sizes=\"auto, (max-width: 1024px) 100vw, 1024px\" \/><\/figure>\n\n\n\n<p class=\"has-small-font-size\"><\/p>\n\n\n\n<p><\/p>\n","protected":false},"excerpt":{"rendered":"","protected":false},"author":1,"featured_media":0,"parent":0,"menu_order":0,"comment_status":"closed","ping_status":"closed","template":"","meta":{"footnotes":""},"class_list":["post-3088","page","type-page","status-publish","hentry"],"jetpack_sharing_enabled":true,"_links":{"self":[{"href":"https:\/\/www.ahmedavnikonuk.com\/index.php?rest_route=\/wp\/v2\/pages\/3088","targetHints":{"allow":["GET"]}}],"collection":[{"href":"https:\/\/www.ahmedavnikonuk.com\/index.php?rest_route=\/wp\/v2\/pages"}],"about":[{"href":"https:\/\/www.ahmedavnikonuk.com\/index.php?rest_route=\/wp\/v2\/types\/page"}],"author":[{"embeddable":true,"href":"https:\/\/www.ahmedavnikonuk.com\/index.php?rest_route=\/wp\/v2\/users\/1"}],"replies":[{"embeddable":true,"href":"https:\/\/www.ahmedavnikonuk.com\/index.php?rest_route=%2Fwp%2Fv2%2Fcomments&post=3088"}],"version-history":[{"count":17,"href":"https:\/\/www.ahmedavnikonuk.com\/index.php?rest_route=\/wp\/v2\/pages\/3088\/revisions"}],"predecessor-version":[{"id":3436,"href":"https:\/\/www.ahmedavnikonuk.com\/index.php?rest_route=\/wp\/v2\/pages\/3088\/revisions\/3436"}],"wp:attachment":[{"href":"https:\/\/www.ahmedavnikonuk.com\/index.php?rest_route=%2Fwp%2Fv2%2Fmedia&parent=3088"}],"curies":[{"name":"wp","href":"https:\/\/api.w.org\/{rel}","templated":true}]}}