{"id":2250,"date":"2021-01-24T08:36:55","date_gmt":"2021-01-24T08:36:55","guid":{"rendered":"http:\/\/www.ahmedavnikonuk.com\/?page_id=2250"},"modified":"2021-01-24T08:37:13","modified_gmt":"2021-01-24T08:37:13","slug":"serh-i-gazel","status":"publish","type":"page","link":"https:\/\/www.ahmedavnikonuk.com\/?page_id=2250","title":{"rendered":"\u015eerh-i Gazel"},"content":{"rendered":"\n<p><strong>Eser ad\u0131 :\u00a0<\/strong>\u015eerh-i Gazel<\/p>\n\n\n\n<p><strong>Yazar&nbsp;:<\/strong>&nbsp;Ahmed Avn\u00ee Konuk<\/p>\n\n\n\n<p><strong>Bulundu\u011fu K\u00fct\u00fcphane :&nbsp;<\/strong>Mevlana M\u00fczesi-Konya-<\/p>\n\n\n\n<p><strong>Dil :&nbsp;<\/strong>Osmanl\u0131 T\u00fcrk\u00e7esi<\/p>\n\n\n\n<p><strong>Yaz\u0131 T\u00fcr\u00fc :&nbsp;<\/strong>Rika<\/p>\n\n\n\n<p><strong>Yer Numaras\u0131 :<\/strong>\u00a03850<\/p>\n\n\n\n<p><\/p>\n","protected":false},"excerpt":{"rendered":"<p>Eser ad\u0131 :\u00a0\u015eerh-i Gazel Yazar&nbsp;:&nbsp;Ahmed Avn\u00ee Konuk Bulundu\u011fu K\u00fct\u00fcphane :&nbsp;Mevlana M\u00fczesi-Konya- Dil :&nbsp;Osmanl\u0131 T\u00fcrk\u00e7esi Yaz\u0131 T\u00fcr\u00fc :&nbsp;Rika Yer Numaras\u0131 :\u00a03850<\/p>\n","protected":false},"author":1,"featured_media":0,"parent":0,"menu_order":0,"comment_status":"closed","ping_status":"closed","template":"page-templates\/template_fullwidth_slider.php","meta":{"footnotes":""},"class_list":["post-2250","page","type-page","status-publish","hentry"],"jetpack_sharing_enabled":true,"_links":{"self":[{"href":"https:\/\/www.ahmedavnikonuk.com\/index.php?rest_route=\/wp\/v2\/pages\/2250","targetHints":{"allow":["GET"]}}],"collection":[{"href":"https:\/\/www.ahmedavnikonuk.com\/index.php?rest_route=\/wp\/v2\/pages"}],"about":[{"href":"https:\/\/www.ahmedavnikonuk.com\/index.php?rest_route=\/wp\/v2\/types\/page"}],"author":[{"embeddable":true,"href":"https:\/\/www.ahmedavnikonuk.com\/index.php?rest_route=\/wp\/v2\/users\/1"}],"replies":[{"embeddable":true,"href":"https:\/\/www.ahmedavnikonuk.com\/index.php?rest_route=%2Fwp%2Fv2%2Fcomments&post=2250"}],"version-history":[{"count":1,"href":"https:\/\/www.ahmedavnikonuk.com\/index.php?rest_route=\/wp\/v2\/pages\/2250\/revisions"}],"predecessor-version":[{"id":2251,"href":"https:\/\/www.ahmedavnikonuk.com\/index.php?rest_route=\/wp\/v2\/pages\/2250\/revisions\/2251"}],"wp:attachment":[{"href":"https:\/\/www.ahmedavnikonuk.com\/index.php?rest_route=%2Fwp%2Fv2%2Fmedia&parent=2250"}],"curies":[{"name":"wp","href":"https:\/\/api.w.org\/{rel}","templated":true}]}}