{"id":2247,"date":"2021-01-24T08:30:34","date_gmt":"2021-01-24T08:30:34","guid":{"rendered":"http:\/\/www.ahmedavnikonuk.com\/?page_id=2247"},"modified":"2021-01-24T08:30:37","modified_gmt":"2021-01-24T08:30:37","slug":"vahdet-i-vucud-ve-vahdet-i-suhud-munakasalari","status":"publish","type":"page","link":"https:\/\/www.ahmedavnikonuk.com\/?page_id=2247","title":{"rendered":"Vahdet-i V\u00fcc\u00fbd ve Vahdet-i \u015euh\u00fbd M\u00fcnaka\u015falar\u0131"},"content":{"rendered":"\n<p><strong>Genel Bilgiler<\/strong><\/p>\n\n\n\n<p><strong>Eser ad\u0131 :\u00a0<\/strong>Vahdet-i V\u00fcc\u00fbd ve Vahdet-i \u015euh\u00fbd M\u00fcnaka\u015falar\u0131<\/p>\n\n\n\n<p><strong>Yazar\u00a0:<\/strong>\u00a0Ahmed Avn\u00ee Konuk- Muhammed \u0130hsan O\u011fuz<\/p>\n\n\n\n<p><strong>Bulundu\u011fu K\u00fct\u00fcphane :\u00a0<\/strong> Atat\u00fcrk Kitapl\u0131\u011f\u0131 <\/p>\n\n\n\n<p><strong>Dil :&nbsp;<\/strong>Osmanl\u0131 T\u00fcrk\u00e7esi<\/p>\n\n\n\n<p><strong>Yaz\u0131 T\u00fcr\u00fc :&nbsp;<\/strong>Rika<\/p>\n\n\n\n<p><strong>Yer Numaras\u0131 :<\/strong>\u00a0 297.7 1930 M. 1<\/p>\n\n\n\n<p><strong>Kitap Hakk\u0131nda :<\/strong>\u00a0&#8220;<em>Mukaddem\u00e2 Tarik-i Nak\u015fiyye m\u00fcntesib oldu\u011fu haber verilen bir z\u00e2t taraf\u0131ndan birka\u00e7 mes\u2019ele hakk\u0131nda yaz\u0131lan s\u00fb\u00e2llere cev\u00e2b vermekli\u011fim, ba\u2019z\u0131 r\u00fcfek\u00e2 taraf\u0131ndan teklif edilmi\u015f ve fak\u00eer o s\u00fb\u00e2lleri de akl\u0131m erdi\u011fi kadar cevaplar yazm\u0131\u015f idim.<\/em> &#8220;Avn\u00ee Konuk Hazretleri\u2019nin <em>Tarik-i Nak\u015fiyye m\u00fcntesib oldu\u011fu haber verilen bir z\u00e2t <\/em>olarak ismini zikr etti\u011fi ki\u015fi ise Muhammed \u0130hsan (O\u011fuz)\u2019dur. \u0130hsan O\u011fuz ve Avn\u00ee Konuk aras\u0131nda vahdet-i v\u00fcc\u00fbd ve vahdet-i \u015fuh\u00fbd mes\u2019elesinden kaynakl\u0131 kar\u015f\u0131l\u0131kl\u0131 mektupla\u015fmalar\u0131 tek bir eserde toplanm\u0131\u015ft\u0131r. <\/p>\n","protected":false},"excerpt":{"rendered":"<p>Genel Bilgiler Eser ad\u0131 :\u00a0Vahdet-i V\u00fcc\u00fbd ve Vahdet-i \u015euh\u00fbd M\u00fcnaka\u015falar\u0131 Yazar\u00a0:\u00a0Ahmed Avn\u00ee Konuk- Muhammed \u0130hsan O\u011fuz Bulundu\u011fu K\u00fct\u00fcphane :\u00a0 Atat\u00fcrk [&hellip;]<\/p>\n","protected":false},"author":1,"featured_media":0,"parent":0,"menu_order":0,"comment_status":"closed","ping_status":"closed","template":"page-templates\/template_fullwidth_slider.php","meta":{"footnotes":""},"class_list":["post-2247","page","type-page","status-publish","hentry"],"jetpack_sharing_enabled":true,"_links":{"self":[{"href":"https:\/\/www.ahmedavnikonuk.com\/index.php?rest_route=\/wp\/v2\/pages\/2247","targetHints":{"allow":["GET"]}}],"collection":[{"href":"https:\/\/www.ahmedavnikonuk.com\/index.php?rest_route=\/wp\/v2\/pages"}],"about":[{"href":"https:\/\/www.ahmedavnikonuk.com\/index.php?rest_route=\/wp\/v2\/types\/page"}],"author":[{"embeddable":true,"href":"https:\/\/www.ahmedavnikonuk.com\/index.php?rest_route=\/wp\/v2\/users\/1"}],"replies":[{"embeddable":true,"href":"https:\/\/www.ahmedavnikonuk.com\/index.php?rest_route=%2Fwp%2Fv2%2Fcomments&post=2247"}],"version-history":[{"count":1,"href":"https:\/\/www.ahmedavnikonuk.com\/index.php?rest_route=\/wp\/v2\/pages\/2247\/revisions"}],"predecessor-version":[{"id":2248,"href":"https:\/\/www.ahmedavnikonuk.com\/index.php?rest_route=\/wp\/v2\/pages\/2247\/revisions\/2248"}],"wp:attachment":[{"href":"https:\/\/www.ahmedavnikonuk.com\/index.php?rest_route=%2Fwp%2Fv2%2Fmedia&parent=2247"}],"curies":[{"name":"wp","href":"https:\/\/api.w.org\/{rel}","templated":true}]}}