{"id":2242,"date":"2021-01-24T08:11:14","date_gmt":"2021-01-24T08:11:14","guid":{"rendered":"http:\/\/www.ahmedavnikonuk.com\/?page_id=2242"},"modified":"2021-01-24T08:18:00","modified_gmt":"2021-01-24T08:18:00","slug":"serh-i-ebyat","status":"publish","type":"page","link":"https:\/\/www.ahmedavnikonuk.com\/?page_id=2242","title":{"rendered":"\u015eerh-i Eby\u00e2t"},"content":{"rendered":"\n<p><strong>Genel Bilgiler<\/strong><\/p>\n\n\n\n<p><strong>Eser ad\u0131 :\u00a0<\/strong>\u00a0\u015eerh-i Eby\u00e2t (Beyit \u015eerhi)<\/p>\n\n\n\n<p><strong>Yazar :\u00a0<\/strong>\u00a0Ahmed Avn\u00ee Konuk<\/p>\n\n\n\n<p><strong>Bulundu\u011fu K\u00fct\u00fcphane :<\/strong>&nbsp;\u0130stanbul B\u00fcy\u00fck\u015fehir Belediyesi Atat\u00fcrk Kitapl\u0131\u011f\u0131&nbsp;Say\u0131sal Ar\u015fiv ve e-Kaynaklar<\/p>\n\n\n\n<p><strong>Dil :&nbsp;<\/strong>Osmanl\u0131 T\u00fcrk\u00e7esi<\/p>\n\n\n\n<p><strong>Yaz\u0131 T\u00fcr\u00fc :&nbsp;<\/strong>Rika<\/p>\n\n\n\n<p><strong>Yer Numaras\u0131 :<\/strong>\u00a0292.71<\/p>\n\n\n\n<p><strong>Kitap Hakk\u0131nda :\u00a0<\/strong>Eser \u0130bn-i Arabi&#8217;ye ait olan beyitlerin \u015ferhidir.  4 yaprakt\u0131r. <\/p>\n","protected":false},"excerpt":{"rendered":"<p>Genel Bilgiler Eser ad\u0131 :\u00a0\u00a0\u015eerh-i Eby\u00e2t (Beyit \u015eerhi) Yazar :\u00a0\u00a0Ahmed Avn\u00ee Konuk Bulundu\u011fu K\u00fct\u00fcphane :&nbsp;\u0130stanbul B\u00fcy\u00fck\u015fehir Belediyesi Atat\u00fcrk Kitapl\u0131\u011f\u0131&nbsp;Say\u0131sal Ar\u015fiv [&hellip;]<\/p>\n","protected":false},"author":1,"featured_media":0,"parent":0,"menu_order":0,"comment_status":"closed","ping_status":"closed","template":"page-templates\/template_fullwidth_slider.php","meta":{"footnotes":""},"class_list":["post-2242","page","type-page","status-publish","hentry"],"jetpack_sharing_enabled":true,"_links":{"self":[{"href":"https:\/\/www.ahmedavnikonuk.com\/index.php?rest_route=\/wp\/v2\/pages\/2242","targetHints":{"allow":["GET"]}}],"collection":[{"href":"https:\/\/www.ahmedavnikonuk.com\/index.php?rest_route=\/wp\/v2\/pages"}],"about":[{"href":"https:\/\/www.ahmedavnikonuk.com\/index.php?rest_route=\/wp\/v2\/types\/page"}],"author":[{"embeddable":true,"href":"https:\/\/www.ahmedavnikonuk.com\/index.php?rest_route=\/wp\/v2\/users\/1"}],"replies":[{"embeddable":true,"href":"https:\/\/www.ahmedavnikonuk.com\/index.php?rest_route=%2Fwp%2Fv2%2Fcomments&post=2242"}],"version-history":[{"count":3,"href":"https:\/\/www.ahmedavnikonuk.com\/index.php?rest_route=\/wp\/v2\/pages\/2242\/revisions"}],"predecessor-version":[{"id":2246,"href":"https:\/\/www.ahmedavnikonuk.com\/index.php?rest_route=\/wp\/v2\/pages\/2242\/revisions\/2246"}],"wp:attachment":[{"href":"https:\/\/www.ahmedavnikonuk.com\/index.php?rest_route=%2Fwp%2Fv2%2Fmedia&parent=2242"}],"curies":[{"name":"wp","href":"https:\/\/api.w.org\/{rel}","templated":true}]}}