{"id":2225,"date":"2021-01-23T20:20:41","date_gmt":"2021-01-23T20:20:41","guid":{"rendered":"http:\/\/www.ahmedavnikonuk.com\/?page_id=2225"},"modified":"2021-01-23T20:29:52","modified_gmt":"2021-01-23T20:29:52","slug":"esrar-i-salat-risalesi","status":"publish","type":"page","link":"https:\/\/www.ahmedavnikonuk.com\/?page_id=2225","title":{"rendered":"Esr\u00e2r-\u0131 Sal\u00e2t Ris\u00e2lesi"},"content":{"rendered":"\n<p id=\"block-c9bb1138-26c3-4a1f-abc1-e4cae7ebc007\"><strong><br>Genel Bilgiler<\/strong><\/p>\n\n\n\n<p id=\"block-bb247104-6a99-40f9-8ca9-79ff19bfeb4a\"><strong>Eser ad\u0131 :\u00a0<\/strong>Esr\u00e2r-\u0131 Sal\u00e2t Ris\u00e2lesi<\/p>\n\n\n\n<p id=\"block-9b14b8ec-ae7c-4f43-b72e-aec732e62a09\"><strong>Yazar :<\/strong>&nbsp;Ahmed Avn\u00ee Konuk<\/p>\n\n\n\n<p id=\"block-5ac6be5b-2756-49c8-9dc3-03401d232cef\"><strong>Bulundu\u011fu K\u00fct\u00fcphane :&nbsp;<\/strong>Bilinmiyor.<\/p>\n\n\n\n<p id=\"block-881c1479-9f80-4cc4-8586-aade73f01f05\"><strong>Dil :<\/strong>&nbsp;Osmanl\u0131 T\u00fcrk\u00e7esi<\/p>\n\n\n\n<p id=\"block-d8d4b45b-c667-4a78-9f9f-2fb92b5f180b\"><strong>Yaz\u0131 T\u00fcr\u00fc :&nbsp;<\/strong>Rika<\/p>\n\n\n\n<p id=\"block-5ecdc65a-83a8-4af0-8441-74498f2fdd39\"><strong>Kitap Hakk\u0131nda<\/strong>: Ris\u00e2lenin varl\u0131\u011f\u0131yla ilgili bilgi Ahmed Avn\u00ee Konuk&#8217;un &#8220;et-Tedb\u00eer\u00e2t\u00fc\u2019l-il\u00e2h\u00eeye f\u00ee Islahi\u2019l-Memleketi\u2019l-\u0130ns\u00e2n\u00eeye&#8221; nam\u0131nda ki eserinin 468 sayfas\u0131nda (rika metin) &#8220;Bu b\u00e2bdaki tafs\u00eel\u00e2t (Esr\u00e2r-\u0131 Sal\u00e2t) hakk\u0131nda ki ris\u00e2le-i fak\u00eerde m\u00fcnderic oldu\u011fundan burada \u00eer\u00e2d\u0131 tatv\u00eel-i m\u00fbcib olur.&#8221; c\u00fcmlesiyle haber verilmi\u015ftir. <\/p>\n\n\n\n<p>Eserle ilgili yukar\u0131 da zikredilen d\u0131\u015f\u0131nda mal\u00fbm\u00e2ta ula\u015f\u0131lamam\u0131\u015ft\u0131r. <\/p>\n","protected":false},"excerpt":{"rendered":"<p>Genel Bilgiler Eser ad\u0131 :\u00a0Esr\u00e2r-\u0131 Sal\u00e2t Ris\u00e2lesi Yazar :&nbsp;Ahmed Avn\u00ee Konuk Bulundu\u011fu K\u00fct\u00fcphane :&nbsp;Bilinmiyor. Dil :&nbsp;Osmanl\u0131 T\u00fcrk\u00e7esi Yaz\u0131 T\u00fcr\u00fc :&nbsp;Rika [&hellip;]<\/p>\n","protected":false},"author":1,"featured_media":0,"parent":0,"menu_order":0,"comment_status":"closed","ping_status":"closed","template":"page-templates\/template_fullwidth_slider.php","meta":{"footnotes":""},"class_list":["post-2225","page","type-page","status-publish","hentry"],"jetpack_sharing_enabled":true,"_links":{"self":[{"href":"https:\/\/www.ahmedavnikonuk.com\/index.php?rest_route=\/wp\/v2\/pages\/2225","targetHints":{"allow":["GET"]}}],"collection":[{"href":"https:\/\/www.ahmedavnikonuk.com\/index.php?rest_route=\/wp\/v2\/pages"}],"about":[{"href":"https:\/\/www.ahmedavnikonuk.com\/index.php?rest_route=\/wp\/v2\/types\/page"}],"author":[{"embeddable":true,"href":"https:\/\/www.ahmedavnikonuk.com\/index.php?rest_route=\/wp\/v2\/users\/1"}],"replies":[{"embeddable":true,"href":"https:\/\/www.ahmedavnikonuk.com\/index.php?rest_route=%2Fwp%2Fv2%2Fcomments&post=2225"}],"version-history":[{"count":6,"href":"https:\/\/www.ahmedavnikonuk.com\/index.php?rest_route=\/wp\/v2\/pages\/2225\/revisions"}],"predecessor-version":[{"id":2239,"href":"https:\/\/www.ahmedavnikonuk.com\/index.php?rest_route=\/wp\/v2\/pages\/2225\/revisions\/2239"}],"wp:attachment":[{"href":"https:\/\/www.ahmedavnikonuk.com\/index.php?rest_route=%2Fwp%2Fv2%2Fmedia&parent=2225"}],"curies":[{"name":"wp","href":"https:\/\/api.w.org\/{rel}","templated":true}]}}