{"id":1309,"date":"2020-06-30T09:34:15","date_gmt":"2020-06-30T09:34:15","guid":{"rendered":"http:\/\/www.ahmedavnikonuk.com\/?page_id=1309"},"modified":"2020-07-13T17:02:11","modified_gmt":"2020-07-13T17:02:11","slug":"hulasatut-tesanif-2","status":"publish","type":"page","link":"https:\/\/www.ahmedavnikonuk.com\/?page_id=1309","title":{"rendered":"Hul\u00e2sat\u00fc\u2019t-tesanif"},"content":{"rendered":"\n<h4 class=\"wp-block-heading\">Genel Bilgiler<\/h4>\n\n\n\n<p><\/p>\n\n\n\n<p><strong>Eser ad\u0131 :<\/strong>&nbsp;Terc\u00fcme-i Hulasat et-Tesanif<\/p>\n\n\n\n<p><strong>Yazar :&nbsp;<\/strong>&nbsp;Muhammed \u0130bn-i Muhammed El-Gazal\u00ee<\/p>\n\n\n\n<p><strong>M\u00fctercim&nbsp;:&nbsp;<\/strong>Ahmed Avn\u00ee Konuk<\/p>\n\n\n\n<p><strong>Bulundu\u011fu K\u00fct\u00fcphane :<\/strong>&nbsp;\u0130stanbul B\u00fcy\u00fck\u015fehir Belediyesi Atat\u00fcrk Kitapl\u0131\u011f\u0131&nbsp;Say\u0131sal Ar\u015fiv ve e-Kaynaklar<\/p>\n\n\n\n<p><strong>Dil :<\/strong>&nbsp;Osmanl\u0131 T\u00fcrk\u00e7esi<\/p>\n\n\n\n<p><strong>Yaz\u0131 T\u00fcr\u00fc :&nbsp;<\/strong>Rika<\/p>\n\n\n\n<p><strong>Yer Numaras\u0131 :<\/strong>&nbsp;297.8<\/p>\n\n\n\n<p><strong>Kitap Hakk\u0131nda :<\/strong>&nbsp; Hoca \u0130mam H\u00fcccet\u2019\u00fcl \u0130sl\u00e2m Muhammed \u0130bn-i Muhammed el-Gaz\u00e2l\u00ee\u2019nin Ey O\u011ful! nam\u0131yla \u00fcnlenen risalesini Ahmed Avni Konuk dilimize \u00e7evirmi\u015ftir.&nbsp; Sayfa say\u0131s\u0131 otuz bir (31) olup eserin sonu noksand\u0131r. Eserin sonunda yazar\u0131n intiha tarihini belirten \u00f6zel notu ve imzas\u0131 olmamas\u0131 ka\u00e7 sayfan\u0131n noksan oldu\u011fu sorununu ortaya \u00e7\u0131karm\u0131\u015ft\u0131r. Ancak eserin bitimine yak\u0131n k\u0131s\u0131mlar\u0131n\u0131n noksan olmas\u0131 muhtemeldir. \u00c7\u00fcnk\u00fc \u201cDua\u201d k\u0131sm\u0131na gelinmi\u015ftir. Eser (Man\u00e2s\u0131) yaz\u0131s\u0131yla ink\u0131ta\u2019 u\u011fram\u0131\u015ft\u0131r.<\/p>\n\n\n\n<p style=\"background-color:#f3f3f3\" class=\"has-background\">Eserin T\u00fcrk\u00e7esinin ve Osmanl\u0131cas\u0131n\u0131n\u00a0<strong>PDF\u00a0<\/strong>hali\u00a0<strong>E-Kitap<\/strong>\u2018da mevcuttur.<\/p>\n\n\n\n<p class=\"wp-block-pdfemb-pdf-embedder-viewer\"><\/p>\n","protected":false},"excerpt":{"rendered":"<p>Genel Bilgiler Eser ad\u0131 :&nbsp;Terc\u00fcme-i Hulasat et-Tesanif Yazar :&nbsp;&nbsp;Muhammed \u0130bn-i Muhammed El-Gazal\u00ee M\u00fctercim&nbsp;:&nbsp;Ahmed Avn\u00ee Konuk Bulundu\u011fu K\u00fct\u00fcphane :&nbsp;\u0130stanbul B\u00fcy\u00fck\u015fehir Belediyesi [&hellip;]<\/p>\n","protected":false},"author":1,"featured_media":0,"parent":0,"menu_order":0,"comment_status":"open","ping_status":"closed","template":"page-templates\/template_fullwidth_slider.php","meta":{"footnotes":""},"class_list":["post-1309","page","type-page","status-publish","hentry"],"jetpack_sharing_enabled":true,"_links":{"self":[{"href":"https:\/\/www.ahmedavnikonuk.com\/index.php?rest_route=\/wp\/v2\/pages\/1309","targetHints":{"allow":["GET"]}}],"collection":[{"href":"https:\/\/www.ahmedavnikonuk.com\/index.php?rest_route=\/wp\/v2\/pages"}],"about":[{"href":"https:\/\/www.ahmedavnikonuk.com\/index.php?rest_route=\/wp\/v2\/types\/page"}],"author":[{"embeddable":true,"href":"https:\/\/www.ahmedavnikonuk.com\/index.php?rest_route=\/wp\/v2\/users\/1"}],"replies":[{"embeddable":true,"href":"https:\/\/www.ahmedavnikonuk.com\/index.php?rest_route=%2Fwp%2Fv2%2Fcomments&post=1309"}],"version-history":[{"count":5,"href":"https:\/\/www.ahmedavnikonuk.com\/index.php?rest_route=\/wp\/v2\/pages\/1309\/revisions"}],"predecessor-version":[{"id":1858,"href":"https:\/\/www.ahmedavnikonuk.com\/index.php?rest_route=\/wp\/v2\/pages\/1309\/revisions\/1858"}],"wp:attachment":[{"href":"https:\/\/www.ahmedavnikonuk.com\/index.php?rest_route=%2Fwp%2Fv2%2Fmedia&parent=1309"}],"curies":[{"name":"wp","href":"https:\/\/api.w.org\/{rel}","templated":true}]}}