{"id":1271,"date":"2020-06-29T07:50:35","date_gmt":"2020-06-29T07:50:35","guid":{"rendered":"http:\/\/www.ahmedavnikonuk.com\/?page_id=1271"},"modified":"2023-12-20T08:47:07","modified_gmt":"2023-12-20T08:47:07","slug":"ahmed-avni-bey-hakkinda","status":"publish","type":"page","link":"https:\/\/www.ahmedavnikonuk.com\/?page_id=1271","title":{"rendered":"Ahmed Avn\u00ee Bey Hakk\u0131nda"},"content":{"rendered":"\n<figure class=\"wp-block-video wp-block-embed is-type-video is-provider-videopress\"><div class=\"wp-block-embed__wrapper\">\n<iframe title=\"VideoPress Video Player\" aria-label='VideoPress Video Player' width='1170' height='878' src='https:\/\/videopress.com\/embed\/itmkrupM?cover=1&amp;posterUrl=https%3A%2F%2Fwww.ahmedavnikonuk.com%2Fwp-content%2Fuploads%2F2022%2F03%2Fahmed-avni-konuk-80.-sene-i-devriyesi-1of2_mp4_avc_240p.original.jpg&amp;preloadContent=metadata&amp;useAverageColor=1&amp;hd=0' frameborder='0' allowfullscreen data-resize-to-parent=\"true\" allow='clipboard-write'><\/iframe><script src='https:\/\/v0.wordpress.com\/js\/next\/videopress-iframe.js?m=1674852142'><\/script>\n<\/div><figcaption>Ahmed Avn\u00ee Konuk&#8217;un 80. sene-i devriyesi m\u00fcn\u00e2sebetiyle yap\u0131lan anma program\u0131 (k\u0131s\u0131m 1)<\/figcaption><\/figure>\n\n\n\n<figure class=\"wp-block-video\"><video height=\"480\" style=\"aspect-ratio: 640 \/ 480;\" width=\"640\" controls src=\"https:\/\/www.ahmedavnikonuk.com\/wp-content\/uploads\/2022\/04\/Ahmed-Avni-Konuk-80.-Sene-i-Devriyesi-2of2.mp4\"><\/video><figcaption class=\"wp-element-caption\">Ahmed Avn\u00ee Konuk&#8217;un 80. sene-i devriyesi m\u00fcn\u00e2sebetiyle yap\u0131lan anma program\u0131 (k\u0131s\u0131m 2)<\/figcaption><\/figure>\n\n\n\n<figure class=\"wp-block-embed is-type-video is-provider-youtube wp-block-embed-youtube wp-embed-aspect-16-9 wp-has-aspect-ratio\"><div class=\"wp-block-embed__wrapper\">\n<div class=\"jetpack-video-wrapper\"><iframe loading=\"lazy\" title=\"Prof. Dr. Mustafa Tahral\u0131 ile Ahmed Avni Konuk Hakk\u0131nda Yap\u0131lan R\u00f6portaj\" width=\"1170\" height=\"658\" src=\"https:\/\/www.youtube.com\/embed\/q9GoI33VciM?feature=oembed\" frameborder=\"0\" allow=\"accelerometer; autoplay; clipboard-write; encrypted-media; gyroscope; picture-in-picture; web-share\" allowfullscreen><\/iframe><\/div>\n<\/div><figcaption class=\"wp-element-caption\">Prof. Dr. Mustafa Tahral\u0131 ile Ahmed Avni Konuk Hakk\u0131nda Yap\u0131lan R\u00f6portaj<\/figcaption><\/figure>\n\n\n\n<figure class=\"wp-block-embed is-type-video is-provider-youtube wp-block-embed-youtube wp-embed-aspect-16-9 wp-has-aspect-ratio\"><div class=\"wp-block-embed__wrapper\">\n<div class=\"jetpack-video-wrapper\"><iframe loading=\"lazy\" title=\"Prof. Dr. Mahmud Erol K\u0131l\u0131\u00e7 ile Ahmed Avni Konuk Hakk\u0131nda Yap\u0131lan R\u00f6portaj\" width=\"1170\" height=\"658\" src=\"https:\/\/www.youtube.com\/embed\/OOT7Vp1Xexc?feature=oembed\" frameborder=\"0\" allow=\"accelerometer; autoplay; clipboard-write; encrypted-media; gyroscope; picture-in-picture; web-share\" allowfullscreen><\/iframe><\/div>\n<\/div><figcaption class=\"wp-element-caption\">Prof. Dr. Mahmud Erol K\u0131l\u0131\u00e7 ile Ahmed Avni Konuk Hakk\u0131nda Yap\u0131lan R\u00f6portaj<\/figcaption><\/figure>\n\n\n\n<figure class=\"wp-block-embed is-type-video is-provider-youtube wp-block-embed-youtube wp-embed-aspect-16-9 wp-has-aspect-ratio\"><div class=\"wp-block-embed__wrapper\">\n<div class=\"jetpack-video-wrapper\"><iframe loading=\"lazy\" title=\"Dr. Emin I\u015f\u0131k ile Ahmed Avni Konuk Hakk\u0131nda Yap\u0131lan R\u00f6portaj\" width=\"1170\" height=\"658\" src=\"https:\/\/www.youtube.com\/embed\/qJbsKVYjzto?feature=oembed\" frameborder=\"0\" allow=\"accelerometer; autoplay; clipboard-write; encrypted-media; gyroscope; picture-in-picture; web-share\" allowfullscreen><\/iframe><\/div>\n<\/div><figcaption class=\"wp-element-caption\">Dr. Emin I\u015f\u0131k ile Ahmed Avni Konuk Hakk\u0131nda Yap\u0131lan R\u00f6portaj<\/figcaption><\/figure>\n\n\n\n<figure class=\"wp-block-embed is-type-video is-provider-youtube wp-block-embed-youtube wp-embed-aspect-16-9 wp-has-aspect-ratio\"><div class=\"wp-block-embed__wrapper\">\n<div class=\"jetpack-video-wrapper\"><iframe loading=\"lazy\" title=\"B\u00fcy\u00fck \u0130slam M\u00fctefekkiri Ahmed Avni Konuk Paneli - 1.B\u00d6L\u00dcM\" width=\"1170\" height=\"658\" src=\"https:\/\/www.youtube.com\/embed\/2PNE5vXv4oQ?feature=oembed\" frameborder=\"0\" allow=\"accelerometer; autoplay; clipboard-write; encrypted-media; gyroscope; picture-in-picture; web-share\" allowfullscreen><\/iframe><\/div>\n<\/div><figcaption class=\"wp-element-caption\">B\u00fcy\u00fck \u0130slam M\u00fctefekkiri Ahmed Avni Konuk Paneli &#8211; 1.B\u00d6L\u00dcM<\/figcaption><\/figure>\n\n\n\n<figure class=\"wp-block-embed is-type-video is-provider-youtube wp-block-embed-youtube wp-embed-aspect-16-9 wp-has-aspect-ratio\"><div class=\"wp-block-embed__wrapper\">\n<div class=\"jetpack-video-wrapper\"><iframe loading=\"lazy\" title=\"B\u00fcy\u00fck \u0130slam M\u00fctefekkiri Ahmed Avni Konuk Paneli - 2.B\u00d6L\u00dcM\" width=\"1170\" height=\"658\" src=\"https:\/\/www.youtube.com\/embed\/04CELy0jeOQ?feature=oembed\" frameborder=\"0\" allow=\"accelerometer; autoplay; clipboard-write; encrypted-media; gyroscope; picture-in-picture; web-share\" allowfullscreen><\/iframe><\/div>\n<\/div><figcaption class=\"wp-element-caption\">B\u00fcy\u00fck \u0130slam M\u00fctefekkiri Ahmed Avni Konuk Paneli &#8211; 2.B\u00d6L\u00dcM<\/figcaption><\/figure>\n\n\n\n<figure class=\"wp-block-embed is-type-video is-provider-vimeo wp-block-embed-vimeo\"><div class=\"wp-block-embed__wrapper\">\n<div class=\"jetpack-video-wrapper\"><iframe loading=\"lazy\" title=\"Ahmed Avni Konuk ve Mesnev\u00ee \u015eerhi- Mustafa Tahral\u0131\" src=\"https:\/\/player.vimeo.com\/video\/41200333?dnt=1&amp;app_id=122963\" width=\"720\" height=\"480\" frameborder=\"0\" allow=\"autoplay; fullscreen; picture-in-picture\"><\/iframe><\/div>\n<\/div><figcaption class=\"wp-element-caption\">Ahmed Avni Konuk ve Mesnev\u00ee \u015eerhi- Mustafa Tahral\u0131<\/figcaption><\/figure>\n","protected":false},"excerpt":{"rendered":"","protected":false},"author":1,"featured_media":0,"parent":0,"menu_order":0,"comment_status":"closed","ping_status":"closed","template":"page-templates\/template_fullwidth_slider.php","meta":{"footnotes":""},"class_list":["post-1271","page","type-page","status-publish","hentry"],"jetpack_sharing_enabled":true,"_links":{"self":[{"href":"https:\/\/www.ahmedavnikonuk.com\/index.php?rest_route=\/wp\/v2\/pages\/1271","targetHints":{"allow":["GET"]}}],"collection":[{"href":"https:\/\/www.ahmedavnikonuk.com\/index.php?rest_route=\/wp\/v2\/pages"}],"about":[{"href":"https:\/\/www.ahmedavnikonuk.com\/index.php?rest_route=\/wp\/v2\/types\/page"}],"author":[{"embeddable":true,"href":"https:\/\/www.ahmedavnikonuk.com\/index.php?rest_route=\/wp\/v2\/users\/1"}],"replies":[{"embeddable":true,"href":"https:\/\/www.ahmedavnikonuk.com\/index.php?rest_route=%2Fwp%2Fv2%2Fcomments&post=1271"}],"version-history":[{"count":7,"href":"https:\/\/www.ahmedavnikonuk.com\/index.php?rest_route=\/wp\/v2\/pages\/1271\/revisions"}],"predecessor-version":[{"id":3343,"href":"https:\/\/www.ahmedavnikonuk.com\/index.php?rest_route=\/wp\/v2\/pages\/1271\/revisions\/3343"}],"wp:attachment":[{"href":"https:\/\/www.ahmedavnikonuk.com\/index.php?rest_route=%2Fwp%2Fv2%2Fmedia&parent=1271"}],"curies":[{"name":"wp","href":"https:\/\/api.w.org\/{rel}","templated":true}]}}