{"id":1146,"date":"2020-06-28T19:01:38","date_gmt":"2020-06-28T19:01:38","guid":{"rendered":"http:\/\/www.ahmedavnikonuk.com\/?page_id=1146"},"modified":"2020-07-13T16:53:01","modified_gmt":"2020-07-13T16:53:01","slug":"tevfik-fikrete-cevab","status":"publish","type":"page","link":"https:\/\/www.ahmedavnikonuk.com\/?page_id=1146","title":{"rendered":"Tevf\u00eek Fikret&#8217;e Cev\u00e2b"},"content":{"rendered":"\n<h4 class=\"wp-block-heading\"><strong>Genel Bilgiler<\/strong><\/h4>\n\n\n\n<p><\/p>\n\n\n\n<p><strong>Eser ad\u0131 :&nbsp;<\/strong>\u015e\u00e2ir-\u0130 Muhterem \u00c2kif Bey\u2019e Hit\u00e2ben Tevf\u00eek Fikret Bey\u2019in Yazd\u0131\u011f\u0131 Hezey\u00e2nlara Cev\u00e2bd\u0131r<\/p>\n\n\n\n<p class=\"has-text-color has-very-dark-gray-color\"><strong><span class=\"has-inline-color has-very-dark-gray-color\">Yazar&nbsp;:&nbsp;<\/span><\/strong><span class=\"has-inline-color has-very-dark-gray-color\">Ahmed Avn\u00ee Konuk<\/span><\/p>\n\n\n\n<p><strong>Bulundu\u011fu K\u00fct\u00fcphane :&nbsp;<\/strong>\u0130stanbul B\u00fcy\u00fck\u015fehir Belediyesi Atat\u00fcrk Kitapl\u0131\u011f\u0131&nbsp;Say\u0131sal Ar\u015fiv ve e-Kaynaklar<\/p>\n\n\n\n<p><strong>Dil :&nbsp;<\/strong>Osmanl\u0131 T\u00fcrk\u00e7esi <\/p>\n\n\n\n<p><strong>Yaz\u0131 T\u00fcr\u00fc :&nbsp;<\/strong>Rika<\/p>\n\n\n\n<p><strong>Yer Numaras\u0131 :&nbsp;<\/strong>T811 1334 H.1<\/p>\n\n\n\n<p class=\"has-normal-font-size\"><strong>Kitap Hakk\u0131nda : <\/strong> Tevfik Fikret&#8217;e cevab,&nbsp;Ahmed Avni Konuk taraf\u0131ndan&nbsp;hicri 1334 y\u0131l\u0131nda kaleme al\u0131nm\u0131\u015ft\u0131r. Eserin meydana gelme hikayesi ise; Mehmet Akif ve Tevfik Fikret aras\u0131nda s\u00fcregelen fikirsel \u00e7at\u0131\u015fmalar neticesinde kar\u015f\u0131l\u0131kl\u0131 yaz\u0131lar yaz\u0131lm\u0131\u015f ve Tevfik Fikret&#8217;in yazd\u0131\u011f\u0131 manzuma kar\u015f\u0131l\u0131k olarak Ahmed Avn\u00ee Bey, bir manzum eser meydana getirmi\u015ftir. Eser&#8217;de Tevf\u00eek Fikret&#8217;in s\u00f6ylemlerinden baz\u0131lar\u0131 al\u0131narak cevaplar yaz\u0131lm\u0131\u015ft\u0131r.<\/p>\n\n\n\n<p style=\"background-color:#f3f3f3\" class=\"has-text-color has-background has-text-align-left has-normal-font-size has-very-dark-gray-color\"> Eserin T\u00fcrk\u00e7esinin ve Osmanl\u0131cas\u0131n\u0131n <strong>PDF <\/strong>hali <strong>E-Kitap<\/strong>&#8216;da mevcuttur.<\/p>\n\n\n\n<div class=\"wp-block-group\"><div class=\"wp-block-group__inner-container is-layout-flow wp-block-group-is-layout-flow\">\n<div class=\"wp-block-group\"><div class=\"wp-block-group__inner-container is-layout-flow wp-block-group-is-layout-flow\">\n<p class=\"wp-block-pdfemb-pdf-embedder-viewer\"><\/p>\n<\/div><\/div>\n<\/div><\/div>\n\n\n\n<h3 class=\"wp-block-heading\"><\/h3>\n","protected":false},"excerpt":{"rendered":"<p>Genel Bilgiler Eser ad\u0131 :&nbsp;\u015e\u00e2ir-\u0130 Muhterem \u00c2kif Bey\u2019e Hit\u00e2ben Tevf\u00eek Fikret Bey\u2019in Yazd\u0131\u011f\u0131 Hezey\u00e2nlara Cev\u00e2bd\u0131r Yazar&nbsp;:&nbsp;Ahmed Avn\u00ee Konuk Bulundu\u011fu K\u00fct\u00fcphane [&hellip;]<\/p>\n","protected":false},"author":1,"featured_media":0,"parent":0,"menu_order":0,"comment_status":"open","ping_status":"closed","template":"page-templates\/template_fullwidth_slider.php","meta":{"footnotes":""},"class_list":["post-1146","page","type-page","status-publish","hentry"],"jetpack_sharing_enabled":true,"_links":{"self":[{"href":"https:\/\/www.ahmedavnikonuk.com\/index.php?rest_route=\/wp\/v2\/pages\/1146","targetHints":{"allow":["GET"]}}],"collection":[{"href":"https:\/\/www.ahmedavnikonuk.com\/index.php?rest_route=\/wp\/v2\/pages"}],"about":[{"href":"https:\/\/www.ahmedavnikonuk.com\/index.php?rest_route=\/wp\/v2\/types\/page"}],"author":[{"embeddable":true,"href":"https:\/\/www.ahmedavnikonuk.com\/index.php?rest_route=\/wp\/v2\/users\/1"}],"replies":[{"embeddable":true,"href":"https:\/\/www.ahmedavnikonuk.com\/index.php?rest_route=%2Fwp%2Fv2%2Fcomments&post=1146"}],"version-history":[{"count":17,"href":"https:\/\/www.ahmedavnikonuk.com\/index.php?rest_route=\/wp\/v2\/pages\/1146\/revisions"}],"predecessor-version":[{"id":1845,"href":"https:\/\/www.ahmedavnikonuk.com\/index.php?rest_route=\/wp\/v2\/pages\/1146\/revisions\/1845"}],"wp:attachment":[{"href":"https:\/\/www.ahmedavnikonuk.com\/index.php?rest_route=%2Fwp%2Fv2%2Fmedia&parent=1146"}],"curies":[{"name":"wp","href":"https:\/\/api.w.org\/{rel}","templated":true}]}}