{"id":1145,"date":"2020-06-28T19:01:38","date_gmt":"2020-06-28T19:01:38","guid":{"rendered":"http:\/\/www.ahmedavnikonuk.com\/?page_id=1145"},"modified":"2020-07-06T17:23:18","modified_gmt":"2020-07-06T17:23:18","slug":"amerikadan-sorulan-17-sual","status":"publish","type":"page","link":"https:\/\/www.ahmedavnikonuk.com\/?page_id=1145","title":{"rendered":"Amerika&#8217;dan Sorulan 17 Sual"},"content":{"rendered":"\n<h4 class=\"wp-block-heading\"><strong>Genel Bilgiler<\/strong><\/h4>\n\n\n\n<p><\/p>\n\n\n\n<p><strong>Eser ad\u0131 :<\/strong> Amerika&#8217;dan sorulan 17 suale cevaplar<\/p>\n\n\n\n<p><strong>Yazar&nbsp;:<\/strong>&nbsp;Ahmed Avn\u00ee Konuk<\/p>\n\n\n\n<p><strong>Bulundu\u011fu K\u00fct\u00fcphane :&nbsp;<\/strong>\u0130stanbul B\u00fcy\u00fck\u015fehir Belediyesi Atat\u00fcrk Kitapl\u0131\u011f\u0131&nbsp;Say\u0131sal Ar\u015fiv ve e-Kaynaklar<\/p>\n\n\n\n<p><strong>Dil :&nbsp;<\/strong>Osmanl\u0131 T\u00fcrk\u00e7esi<\/p>\n\n\n\n<p><strong>Yaz\u0131 T\u00fcr\u00fc :&nbsp;<\/strong>Rika<\/p>\n\n\n\n<p><strong>Yer Numaras\u0131 :&nbsp;297.04 1<\/strong><\/p>\n\n\n\n<p><strong>Kitap Hakk\u0131nda :<\/strong>&nbsp;Amerika&#8217;dan sorulan 17 suale cevaplar,&nbsp;Ahmed Avni Konuk taraf\u0131ndan kaleme al\u0131nm\u0131\u015f olup eserin latin harflerine \u00e7evrilmi\u015f bask\u0131s\u0131 mevcut de\u011fildir.<\/p>\n","protected":false},"excerpt":{"rendered":"<p>Genel Bilgiler Eser ad\u0131 : Amerika&#8217;dan sorulan 17 suale cevaplar Yazar&nbsp;:&nbsp;Ahmed Avn\u00ee Konuk Bulundu\u011fu K\u00fct\u00fcphane :&nbsp;\u0130stanbul B\u00fcy\u00fck\u015fehir Belediyesi Atat\u00fcrk Kitapl\u0131\u011f\u0131&nbsp;Say\u0131sal [&hellip;]<\/p>\n","protected":false},"author":1,"featured_media":0,"parent":0,"menu_order":0,"comment_status":"open","ping_status":"closed","template":"page-templates\/template_fullwidth_slider.php","meta":{"footnotes":""},"class_list":["post-1145","page","type-page","status-publish","hentry"],"jetpack_sharing_enabled":true,"_links":{"self":[{"href":"https:\/\/www.ahmedavnikonuk.com\/index.php?rest_route=\/wp\/v2\/pages\/1145","targetHints":{"allow":["GET"]}}],"collection":[{"href":"https:\/\/www.ahmedavnikonuk.com\/index.php?rest_route=\/wp\/v2\/pages"}],"about":[{"href":"https:\/\/www.ahmedavnikonuk.com\/index.php?rest_route=\/wp\/v2\/types\/page"}],"author":[{"embeddable":true,"href":"https:\/\/www.ahmedavnikonuk.com\/index.php?rest_route=\/wp\/v2\/users\/1"}],"replies":[{"embeddable":true,"href":"https:\/\/www.ahmedavnikonuk.com\/index.php?rest_route=%2Fwp%2Fv2%2Fcomments&post=1145"}],"version-history":[{"count":7,"href":"https:\/\/www.ahmedavnikonuk.com\/index.php?rest_route=\/wp\/v2\/pages\/1145\/revisions"}],"predecessor-version":[{"id":2257,"href":"https:\/\/www.ahmedavnikonuk.com\/index.php?rest_route=\/wp\/v2\/pages\/1145\/revisions\/2257"}],"wp:attachment":[{"href":"https:\/\/www.ahmedavnikonuk.com\/index.php?rest_route=%2Fwp%2Fv2%2Fmedia&parent=1145"}],"curies":[{"name":"wp","href":"https:\/\/api.w.org\/{rel}","templated":true}]}}