{"id":1144,"date":"2020-06-28T19:01:38","date_gmt":"2020-06-28T19:01:38","guid":{"rendered":"http:\/\/www.ahmedavnikonuk.com\/?page_id=1144"},"modified":"2020-08-02T09:49:13","modified_gmt":"2020-08-02T09:49:13","slug":"muhadarat-el-ebrar","status":"publish","type":"page","link":"https:\/\/www.ahmedavnikonuk.com\/?page_id=1144","title":{"rendered":"Muhadarat el-Ebrar"},"content":{"rendered":"\n<h4 class=\"wp-block-heading\">Genel Bilgiler<\/h4>\n\n\n\n<p><\/p>\n\n\n\n<p><strong>Eser ad\u0131 :&nbsp;<\/strong>Muhadarat el-Ebrar&#8217;dan bir Vak&#8217;an\u0131n Terc\u00fcmesi<\/p>\n\n\n\n<p><strong>Yazar&nbsp;:&nbsp;<\/strong>\u0130bn\u00fc\u2019l-Arab\u00ee, Ebu Abdillah Muhyiddin Muhammed bin Ali bin Muhammed el-Hatim\u00ee et-Ta\u00ee el-Endel\u00fcsi (560-638 H.\/1165-1240 M.)<\/p>\n\n\n\n<p><strong>Terc\u00fcme&nbsp;:<\/strong>&nbsp;Ahmed Avn\u00ee Konuk<\/p>\n\n\n\n<p><strong>Bulundu\u011fu K\u00fct\u00fcphane :<\/strong>&nbsp;\u0130stanbul B\u00fcy\u00fck\u015fehir Belediyesi Atat\u00fcrk Kitapl\u0131\u011f\u0131&nbsp;Say\u0131sal Ar\u015fiv ve e-Kaynaklar<\/p>\n\n\n\n<p><strong>Dil :&nbsp;<\/strong>Osmanl\u0131 T\u00fcrk\u00e7esi<\/p>\n\n\n\n<p><strong>Yaz\u0131 T\u00fcr\u00fc :&nbsp;<\/strong>Rika<\/p>\n\n\n\n<p><strong>Yer Numaras\u0131 :&nbsp;<\/strong>297.7 ARA 1<\/p>\n\n\n\n<p><strong>Kitap Hakk\u0131nda :<\/strong>&nbsp;&nbsp; Avn\u00ee Bey, <strong>\u0130bn Arab\u00ee<\/strong>&#8216;ye ait <strong>&#8220;Muh\u00e2dar\u00e2t\u00fc\u2019l-Ebr\u00e2r ve M\u00fcs\u00e2mer\u00e2t\u00fc\u2019l-Ahy\u00e2r&#8221;<\/strong> isimli eserden bir vak&#8217;ay\u0131 alarak terc\u00fcmesini yapm\u0131\u015ft\u0131r. Terc\u00fcmesi yap\u0131lan vak&#8217;a Avn\u00ee Bey&#8217;in el yaz\u0131s\u0131yla dokuz (9) yaprakt\u0131r. <\/p>\n\n\n\n<p class=\"wp-block-pdfemb-pdf-embedder-viewer\"><\/p>\n","protected":false},"excerpt":{"rendered":"<p>Genel Bilgiler Eser ad\u0131 :&nbsp;Muhadarat el-Ebrar&#8217;dan bir Vak&#8217;an\u0131n Terc\u00fcmesi Yazar&nbsp;:&nbsp;\u0130bn\u00fc\u2019l-Arab\u00ee, Ebu Abdillah Muhyiddin Muhammed bin Ali bin Muhammed el-Hatim\u00ee et-Ta\u00ee [&hellip;]<\/p>\n","protected":false},"author":1,"featured_media":0,"parent":0,"menu_order":0,"comment_status":"open","ping_status":"closed","template":"page-templates\/template_fullwidth_slider.php","meta":{"footnotes":""},"class_list":["post-1144","page","type-page","status-publish","hentry"],"jetpack_sharing_enabled":true,"_links":{"self":[{"href":"https:\/\/www.ahmedavnikonuk.com\/index.php?rest_route=\/wp\/v2\/pages\/1144","targetHints":{"allow":["GET"]}}],"collection":[{"href":"https:\/\/www.ahmedavnikonuk.com\/index.php?rest_route=\/wp\/v2\/pages"}],"about":[{"href":"https:\/\/www.ahmedavnikonuk.com\/index.php?rest_route=\/wp\/v2\/types\/page"}],"author":[{"embeddable":true,"href":"https:\/\/www.ahmedavnikonuk.com\/index.php?rest_route=\/wp\/v2\/users\/1"}],"replies":[{"embeddable":true,"href":"https:\/\/www.ahmedavnikonuk.com\/index.php?rest_route=%2Fwp%2Fv2%2Fcomments&post=1144"}],"version-history":[{"count":11,"href":"https:\/\/www.ahmedavnikonuk.com\/index.php?rest_route=\/wp\/v2\/pages\/1144\/revisions"}],"predecessor-version":[{"id":2106,"href":"https:\/\/www.ahmedavnikonuk.com\/index.php?rest_route=\/wp\/v2\/pages\/1144\/revisions\/2106"}],"wp:attachment":[{"href":"https:\/\/www.ahmedavnikonuk.com\/index.php?rest_route=%2Fwp%2Fv2%2Fmedia&parent=1144"}],"curies":[{"name":"wp","href":"https:\/\/api.w.org\/{rel}","templated":true}]}}