{"id":1143,"date":"2020-06-28T19:01:38","date_gmt":"2020-06-28T19:01:38","guid":{"rendered":"http:\/\/www.ahmedavnikonuk.com\/?page_id=1143"},"modified":"2020-07-09T17:47:04","modified_gmt":"2020-07-09T17:47:04","slug":"ahmed-amis-efendi-ile-sohbetler","status":"publish","type":"page","link":"https:\/\/www.ahmedavnikonuk.com\/?page_id=1143","title":{"rendered":"Ahmed \u00c2mi\u015f Efend\u00ee ile Sohbetler"},"content":{"rendered":"\n<p><\/p>\n\n\n\n<h4 class=\"wp-block-heading\"><strong>Genel Bilgiler<\/strong><\/h4>\n\n\n\n<p><\/p>\n\n\n\n<p><strong>Eser ad\u0131 :<\/strong>&nbsp;Ahmed \u00c2mi\u015f Efend\u00ee ile Sohbetler<\/p>\n\n\n\n<p><strong>Yazar&nbsp;:&nbsp;<\/strong>Ahmed Avn\u00ee Konuk<\/p>\n\n\n\n<p><strong>Bulundu\u011fu K\u00fct\u00fcphane :&nbsp;<\/strong>\u0130stanbul B\u00fcy\u00fck\u015fehir Belediyesi Atat\u00fcrk Kitapl\u0131\u011f\u0131&nbsp;Say\u0131sal Ar\u015fiv ve e-Kaynaklar<\/p>\n\n\n\n<p><strong>Dil :<\/strong>&nbsp;Osmanl\u0131 T\u00fcrk\u00e7esi<\/p>\n\n\n\n<p><strong>Yaz\u0131 T\u00fcr\u00fc :&nbsp;<\/strong>Rika<\/p>\n\n\n\n<p><strong>Yer Numaras\u0131 :<\/strong>&nbsp;297.7&nbsp;1337 H.1<\/p>\n\n\n\n<p class=\"has-normal-font-size\"><strong>Kitap Hakk\u0131nda :&nbsp;<\/strong>Ahmed \u00c2mi\u015f Efend\u00ee ile Sohbetler,&nbsp;Ahmed Avni Konuk taraf\u0131ndan&nbsp;hicri 1337 y\u0131l\u0131nda kaleme al\u0131nm\u0131\u015f olup eserin latin harflerine \u00e7evrilmi\u015f bask\u0131s\u0131 mevcut de\u011fildir. Eser;  Avn\u00ee Bey&#8217;in, Ahmed \u00c2mi\u015f Efendi&#8217;yi ziyaretleri s\u0131ras\u0131nda sohbetlerini kay\u0131t alt\u0131na almas\u0131yla ortaya \u00e7\u0131km\u0131\u015ft\u0131r.<\/p>\n\n\n\n<p style=\"background-color:#c5d3dc\" class=\"has-background\"><strong><strong>Eserden bir kesit;<\/strong>\u00a0<\/strong><\/p>\n\n\n\n<p>         1335 senesi A\u011fustos\u2019un sekizinci ve 1337 s\u00e2l-i hicrisi Z\u00eelka\u2019desinin on ikinci Cuma g\u00fcn\u00fc kabl\u2019el-zuhur H\u00fcseyin Avn\u00ee Bey bir\u00e2derimizle y\u00fcz yirmi be\u015fini m\u00fctec\u00e2viz bulunan ve zam\u00e2n\u0131m\u0131zda v\u00fcc\u00fbd \u015fer\u00eef\u00ee ile teberr\u00fck olunan ins\u00e2n-\u0131 k\u00e2mil F\u00e2tih t\u00fcrbed\u00e2r\u0131 h\u00e2c\u0131 Ahmed \u00c2mi\u015f Efendi hazretlerinin huz\u00fbr-\u0131 \u015fer\u00eeflerine gitdik.<br>       Kimse yoktu. M\u00fcb\u00e2rek elini \u00f6pd\u00fck. \u00d6n\u00fcne oturup yak\u0131na gelmemizi i\u015f\u00e2ret buyurdu.<br>A\u015fa\u011f\u0131 ki m\u00fck\u00e2lam\u00e2t cerey\u00e2n etti:<br><strong>\u00c2mi\u015f Efendi<\/strong> \u201cNi\u00e7\u00fcn geldiniz, maksad\u0131n\u0131z, emeliniz nedir, ne istersiniz?\u201d<br>\u201cMaksad\u0131m\u0131z Hak\u2019t\u0131r.\u201d<br><strong>\u00c2mi\u015f Efendi <\/strong>\u201cHak var m\u0131, Hak nerede?\u201d<br>\u201cHer taraf Hakla dolu.\u201d<br>\u201cOndan gayri bir \u015fey yoktur. (\u0644\u0627 \u0645\u0648\u062c\u0648\u062f\u06d5 \u0627\u0644\u0627 \u0647\u0648)<strong>\u201d<br>\u00c2mi\u015f Efendi<\/strong> (G\u00fclerek) \u201c\u00d6yle ya, Ondan gayri bir \u015fey yok.\u201d<br>\u201cH\u00fcseyin Avn\u00ee Bey\u2019e hit\u00e2ben:<br><strong>\u00c2mi\u015f Efendi<\/strong> \u201c\u0130smin nedir?&#8221;<br>\u201cH\u00fcseyin Avn\u00ee.\u201d<br>Fak\u00eere hit\u00e2ben:<br><strong>\u00c2mi\u015f Efendi<\/strong> \u201cSenin ismin ne?\u201d<br>\u201cAhmed Avn\u00ee\u201d<br><strong>\u00c2mi\u015f Efendi<\/strong> &#8220;O, benim, ben beraberim, Ahmed benim\u2026&#8221;<br>H\u00fcseyin Avn\u00ee Bey\u2019e hit\u00e2ben:<br><strong>\u00c2mi\u015f Efendi <\/strong>\u201cNerede oturuyorsun?\u201d<br>\u201cSultan Mahm\u00fbd T\u00fcrbesinde.\u201d<strong><br>\u00c2mi\u015f Efendi <\/strong>\u201cT\u00fcrbenin i\u00e7inde mi oturuyorsun?\u201d<br>\u2026<\/p>\n","protected":false},"excerpt":{"rendered":"<p>Genel Bilgiler Eser ad\u0131 :&nbsp;Ahmed \u00c2mi\u015f Efend\u00ee ile Sohbetler Yazar&nbsp;:&nbsp;Ahmed Avn\u00ee Konuk Bulundu\u011fu K\u00fct\u00fcphane :&nbsp;\u0130stanbul B\u00fcy\u00fck\u015fehir Belediyesi Atat\u00fcrk Kitapl\u0131\u011f\u0131&nbsp;Say\u0131sal Ar\u015fiv [&hellip;]<\/p>\n","protected":false},"author":1,"featured_media":0,"parent":0,"menu_order":0,"comment_status":"open","ping_status":"closed","template":"page-templates\/template_fullwidth_slider.php","meta":{"footnotes":""},"class_list":["post-1143","page","type-page","status-publish","hentry"],"jetpack_sharing_enabled":true,"_links":{"self":[{"href":"https:\/\/www.ahmedavnikonuk.com\/index.php?rest_route=\/wp\/v2\/pages\/1143","targetHints":{"allow":["GET"]}}],"collection":[{"href":"https:\/\/www.ahmedavnikonuk.com\/index.php?rest_route=\/wp\/v2\/pages"}],"about":[{"href":"https:\/\/www.ahmedavnikonuk.com\/index.php?rest_route=\/wp\/v2\/types\/page"}],"author":[{"embeddable":true,"href":"https:\/\/www.ahmedavnikonuk.com\/index.php?rest_route=\/wp\/v2\/users\/1"}],"replies":[{"embeddable":true,"href":"https:\/\/www.ahmedavnikonuk.com\/index.php?rest_route=%2Fwp%2Fv2%2Fcomments&post=1143"}],"version-history":[{"count":14,"href":"https:\/\/www.ahmedavnikonuk.com\/index.php?rest_route=\/wp\/v2\/pages\/1143\/revisions"}],"predecessor-version":[{"id":1640,"href":"https:\/\/www.ahmedavnikonuk.com\/index.php?rest_route=\/wp\/v2\/pages\/1143\/revisions\/1640"}],"wp:attachment":[{"href":"https:\/\/www.ahmedavnikonuk.com\/index.php?rest_route=%2Fwp%2Fv2%2Fmedia&parent=1143"}],"curies":[{"name":"wp","href":"https:\/\/api.w.org\/{rel}","templated":true}]}}