{"id":1141,"date":"2020-06-28T19:01:38","date_gmt":"2020-06-28T19:01:38","guid":{"rendered":"http:\/\/www.ahmedavnikonuk.com\/?page_id=1141"},"modified":"2020-07-13T16:53:33","modified_gmt":"2020-07-13T16:53:33","slug":"imam-rabbani-ve-mektubati","status":"publish","type":"page","link":"https:\/\/www.ahmedavnikonuk.com\/?page_id=1141","title":{"rendered":"\u0130m\u00e2m Rabbani ve Mekt\u00fbb\u00e2t\u0131"},"content":{"rendered":"\n<h4 class=\"wp-block-heading\">Genel Bilgiler<\/h4>\n\n\n\n<p><\/p>\n\n\n\n<p><strong>Eser ad\u0131 :<\/strong>&nbsp;\u0130m\u00e2m Rabbani ve Mekt\u00fbb\u00e2t\u0131<\/p>\n\n\n\n<p><strong>Yazar&nbsp;:<\/strong>&nbsp;Ahmed Avn\u00ee Konuk<\/p>\n\n\n\n<p><strong>Bulundu\u011fu K\u00fct\u00fcphane :&nbsp;<\/strong>\u0130stanbul B\u00fcy\u00fck\u015fehir Belediyesi Atat\u00fcrk Kitapl\u0131\u011f\u0131&nbsp;Say\u0131sal Ar\u015fiv ve e-Kaynaklar<\/p>\n\n\n\n<p><strong>Dil :<\/strong>&nbsp;Osmanl\u0131 T\u00fcrk\u00e7esi<\/p>\n\n\n\n<p><strong>Yaz\u0131 T\u00fcr\u00fc :<\/strong>&nbsp;Rika<\/p>\n\n\n\n<p><strong>Yer Numaras\u0131 :&nbsp;<\/strong>297.7&nbsp;1934 M.1<\/p>\n\n\n\n<p><strong>Kitap Hakk\u0131nda :&nbsp;<\/strong>\u0130m\u00e2m Rabbani ve Mekt\u00fbb\u00e2t\u0131,&nbsp;Ahmed Avni Konuk taraf\u0131ndan 1934 y\u0131l\u0131nda kaleme al\u0131nm\u0131\u015ft\u0131r.  Avn\u00ee Bey, \u0130m\u00e2m Rabb\u00e2n\u00ee ve Mekt\u00fbb\u00e2t\u2019a reddiye yazmas\u0131n\u0131n sebebini, ris\u00e2lenin giri\u015finde; <em>\u201cBu ris\u00e2lenin yaz\u0131lmas\u0131nda ki sebep budur ki: mukaddem\u00e2 Tarik-i Nak\u015fiyye m\u00fcntesib oldu\u011fu haber verilen bir z\u00e2t taraf\u0131ndan birka\u00e7 mes\u2019ele hakk\u0131nda yaz\u0131lan s\u00fb\u00e2llere cev\u00e2b vermekli\u011fim, ba\u2019z\u0131 r\u00fcfek\u00e2 taraf\u0131ndan teklif edilmi\u015f ve fak\u00eer o s\u00fb\u00e2lleri de akl\u0131m erdi\u011fi kadar cevaplar yazm\u0131\u015f idim. Bu cevaplar \u00fczerine bu z\u00e2t bir vaz\u2019-\u0131 muh\u00e2lif alarak muh\u00e2ber\u00e2t\u0131 i\u00e7inden \u00e7\u0131k\u0131lmaz bir v\u00e2diye d\u00f6kt\u00fc. Ve \u015eeyh-i Ekber Muhyidd\u00een \u0130bn Arab\u00ee (k.s.) hazretlerinin ma\u00e2rifini istihf\u00e2f ve \u0130m\u00e2m Rabbani\u2019den ve R\u00fcknedd\u00een Al\u00e2\u00fc\u2019d-Devle Simn\u00e2n\u00ee\u2019den ba\u015fka tar\u00eek ma\u2019rifetten y\u00fckselen zev\u00e2t olmad\u0131\u011f\u0131n\u0131 beyan ve bu muh\u00e2bere m\u00fcn\u00e2sebetiyle Fak\u00eer taraf\u0131ndan sorulan s\u00fb\u00e2llerin cev\u00e2b\u0131n\u0131 vermekten \u0131zh\u00e2r-\u0131 acz ederek, \u0130m\u00e2m Rabb\u00e2n\u00ee\u2019nin Mekt\u00fbb\u00e2t\u2019\u0131n\u0131 m\u00fct\u00e2la\u00e2 etmemi tavsiye etti. Ve bunlar\u0131 anlamak i\u00e7in ilm-i kel\u00e2mda m\u00fctebahhir olmak l\u00e2z\u0131m gelece\u011fini de kayd etti. Ve vahdet-i v\u00fcc\u00fbd mes\u2019elesinin bir gird\u00e2b olup, bu itik\u00e2dda bulunanlar\u0131n \u00e2hirette hatalar\u0131n\u0131 anlayacaklar\u0131n\u0131 da il\u00e2ve eyledi\u2026\u201d&nbsp; <\/em>\u015feklinde a\u00e7\u0131klam\u0131\u015ft\u0131r.<\/p>\n\n\n\n<p style=\"background-color:#f3f3f3\" class=\"has-background\">Eserin T\u00fcrk\u00e7esinin ve Osmanl\u0131cas\u0131n\u0131n&nbsp;<strong>PDF&nbsp;<\/strong>hali&nbsp;<strong>E-Kitap<\/strong>\u2018da mevcuttur.<\/p>\n\n\n\n<p class=\"wp-block-pdfemb-pdf-embedder-viewer\"><\/p>\n","protected":false},"excerpt":{"rendered":"<p>Genel Bilgiler Eser ad\u0131 :&nbsp;\u0130m\u00e2m Rabbani ve Mekt\u00fbb\u00e2t\u0131 Yazar&nbsp;:&nbsp;Ahmed Avn\u00ee Konuk Bulundu\u011fu K\u00fct\u00fcphane :&nbsp;\u0130stanbul B\u00fcy\u00fck\u015fehir Belediyesi Atat\u00fcrk Kitapl\u0131\u011f\u0131&nbsp;Say\u0131sal Ar\u015fiv ve [&hellip;]<\/p>\n","protected":false},"author":1,"featured_media":0,"parent":0,"menu_order":0,"comment_status":"open","ping_status":"closed","template":"page-templates\/template_fullwidth_slider.php","meta":{"footnotes":""},"class_list":["post-1141","page","type-page","status-publish","hentry"],"jetpack_sharing_enabled":true,"_links":{"self":[{"href":"https:\/\/www.ahmedavnikonuk.com\/index.php?rest_route=\/wp\/v2\/pages\/1141","targetHints":{"allow":["GET"]}}],"collection":[{"href":"https:\/\/www.ahmedavnikonuk.com\/index.php?rest_route=\/wp\/v2\/pages"}],"about":[{"href":"https:\/\/www.ahmedavnikonuk.com\/index.php?rest_route=\/wp\/v2\/types\/page"}],"author":[{"embeddable":true,"href":"https:\/\/www.ahmedavnikonuk.com\/index.php?rest_route=\/wp\/v2\/users\/1"}],"replies":[{"embeddable":true,"href":"https:\/\/www.ahmedavnikonuk.com\/index.php?rest_route=%2Fwp%2Fv2%2Fcomments&post=1141"}],"version-history":[{"count":10,"href":"https:\/\/www.ahmedavnikonuk.com\/index.php?rest_route=\/wp\/v2\/pages\/1141\/revisions"}],"predecessor-version":[{"id":1847,"href":"https:\/\/www.ahmedavnikonuk.com\/index.php?rest_route=\/wp\/v2\/pages\/1141\/revisions\/1847"}],"wp:attachment":[{"href":"https:\/\/www.ahmedavnikonuk.com\/index.php?rest_route=%2Fwp%2Fv2%2Fmedia&parent=1141"}],"curies":[{"name":"wp","href":"https:\/\/api.w.org\/{rel}","templated":true}]}}