{"id":1137,"date":"2020-06-28T19:01:37","date_gmt":"2020-06-28T19:01:37","guid":{"rendered":"http:\/\/www.ahmedavnikonuk.com\/?page_id=1137"},"modified":"2022-10-23T11:49:42","modified_gmt":"2022-10-23T11:49:42","slug":"ahadiyet-risalesi","status":"publish","type":"page","link":"https:\/\/www.ahmedavnikonuk.com\/?page_id=1137","title":{"rendered":"Ahadiyet Ris\u00e2lesi"},"content":{"rendered":"\n<h4 class=\"wp-block-heading\"><strong>Genel Bilgiler<\/strong><\/h4>\n\n\n\n<p><\/p>\n\n\n\n<p><strong>Eser ad\u0131 : <\/strong>Ris\u00e2le-i Ehadiye Metni ve Terc\u00fcmesi<\/p>\n\n\n\n<p><strong>Yazar : <\/strong>\u0130bn\u00fc\u2019l-Arab\u00ee, Ebu Abdillah Muhyiddin Muhammed b. Ali b. Muhammed el-Hatim\u00ee et-Ta\u00ee el-Endel\u00fcsi (560-638 H.\/1165-1240 M.)<\/p>\n\n\n\n<p><strong>M\u00fctercim :<\/strong> Ahmed Avn\u00ee Konuk<\/p>\n\n\n\n<p><strong>Bulundu\u011fu K\u00fct\u00fcphane : <\/strong>\u0130stanbul B\u00fcy\u00fck\u015fehir Belediyesi Atat\u00fcrk Kitapl\u0131\u011f\u0131 Say\u0131sal Ar\u015fiv ve e-Kaynaklar<\/p>\n\n\n\n<p><strong>Dil : <\/strong>Osmanl\u0131 T\u00fcrk\u00e7esi<\/p>\n\n\n\n<p><strong>Yaz\u0131 T\u00fcr\u00fc :<\/strong> Rika<\/p>\n\n\n\n<p><strong>Yer Numaras\u0131 :<\/strong> 297.7 ARA 297.7 ARA 1346 H. 1<\/p>\n\n\n\n<p><strong>Kitap Hakk\u0131nda :<\/strong> Ris\u00e2le, Ahmed Avni Konuk taraf\u0131ndan 1925 y\u0131l\u0131nda kaleme al\u0131nm\u0131\u015f olup eserin \u00e7eviri yaz\u0131s\u0131 mevcuttur. Ris\u00e2le &#8220;Men Arefe Nefsehu Fakad Arefe Rabbehu&#8221; hadis-i \u015ferif&#8217;ini a\u00e7\u0131klamaktad\u0131r. <\/p>\n\n\n\n<p class=\"has-background\" style=\"background-color:#f3f3f3\">Eserin T\u00fcrk\u00e7esinin ve Osmanl\u0131cas\u0131n\u0131n&nbsp;<strong>PDF&nbsp;<\/strong>hali&nbsp;<strong>E-Kitap<\/strong>\u2018da mevcuttur.<\/p>\n\n\n\n<p class=\"wp-block-pdfemb-pdf-embedder-viewer\"><\/p>\n\n\n\n<p><\/p>\n","protected":false},"excerpt":{"rendered":"<p>Genel Bilgiler Eser ad\u0131 : Ris\u00e2le-i Ehadiye Metni ve Terc\u00fcmesi Yazar : \u0130bn\u00fc\u2019l-Arab\u00ee, Ebu Abdillah Muhyiddin Muhammed b. Ali b. [&hellip;]<\/p>\n","protected":false},"author":1,"featured_media":0,"parent":0,"menu_order":0,"comment_status":"open","ping_status":"closed","template":"page-templates\/template_fullwidth_slider.php","meta":{"footnotes":""},"class_list":["post-1137","page","type-page","status-publish","hentry"],"jetpack_sharing_enabled":true,"_links":{"self":[{"href":"https:\/\/www.ahmedavnikonuk.com\/index.php?rest_route=\/wp\/v2\/pages\/1137","targetHints":{"allow":["GET"]}}],"collection":[{"href":"https:\/\/www.ahmedavnikonuk.com\/index.php?rest_route=\/wp\/v2\/pages"}],"about":[{"href":"https:\/\/www.ahmedavnikonuk.com\/index.php?rest_route=\/wp\/v2\/types\/page"}],"author":[{"embeddable":true,"href":"https:\/\/www.ahmedavnikonuk.com\/index.php?rest_route=\/wp\/v2\/users\/1"}],"replies":[{"embeddable":true,"href":"https:\/\/www.ahmedavnikonuk.com\/index.php?rest_route=%2Fwp%2Fv2%2Fcomments&post=1137"}],"version-history":[{"count":12,"href":"https:\/\/www.ahmedavnikonuk.com\/index.php?rest_route=\/wp\/v2\/pages\/1137\/revisions"}],"predecessor-version":[{"id":3217,"href":"https:\/\/www.ahmedavnikonuk.com\/index.php?rest_route=\/wp\/v2\/pages\/1137\/revisions\/3217"}],"wp:attachment":[{"href":"https:\/\/www.ahmedavnikonuk.com\/index.php?rest_route=%2Fwp%2Fv2%2Fmedia&parent=1137"}],"curies":[{"name":"wp","href":"https:\/\/api.w.org\/{rel}","templated":true}]}}