{"id":1136,"date":"2020-06-28T19:01:37","date_gmt":"2020-06-28T19:01:37","guid":{"rendered":"http:\/\/www.ahmedavnikonuk.com\/?page_id=1136"},"modified":"2020-07-09T17:49:07","modified_gmt":"2020-07-09T17:49:07","slug":"hanende","status":"publish","type":"page","link":"https:\/\/www.ahmedavnikonuk.com\/?page_id=1136","title":{"rendered":"Hanende"},"content":{"rendered":"\n<h4 class=\"wp-block-heading\"><strong>Genel Bilgiler<\/strong><\/h4>\n\n\n\n<p><\/p>\n\n\n\n<div class=\"wp-block-group\"><div class=\"wp-block-group__inner-container is-layout-flow wp-block-group-is-layout-flow\">\n<p><strong>Eser ad\u0131 :<\/strong> Hanende: m\u00fcntehab ve m\u00fckemmel \u015fark\u0131 mecmuas\u0131<\/p>\n\n\n\n<p><strong>Derleyen : <\/strong>Ahmed Avn\u00ee Konuk<\/p>\n\n\n\n<p><strong>Bulundu\u011fu K\u00fct\u00fcphane : <\/strong>\u0130stanbul B\u00fcy\u00fck\u015fehir Belediyesi Atat\u00fcrk Kitapl\u0131\u011f\u0131 Say\u0131sal Ar\u015fiv ve e-Kaynaklar<\/p>\n\n\n\n<p><strong>Dil : <\/strong>Osmanl\u0131 T\u00fcrk\u00e7esi<\/p>\n\n\n\n<p><strong>Yaz\u0131 T\u00fcr\u00fc :<\/strong> Matbu<\/p>\n\n\n\n<p><strong>Yer Numaras\u0131 : <\/strong>782.42 HAN 1317 H\/1900 k.1\/1<\/p>\n\n\n\n<p><strong>Kitap Hakk\u0131nda : <\/strong>Hanende, 1900 tarihinde Ahmed Avn\u00ee Konuk taraf\u0131ndan derlenmi\u015f olup Maarif Nez\u00e2ret-i Celilesi taraf\u0131ndan bas\u0131lm\u0131\u015ft\u0131r. Eser,  \u015fark\u0131lar\u0131n bir araya getirildi\u011fi bir mecmua niteli\u011findedir.<\/p>\n\n\n\n<p style=\"background-color:#c4d5df\" class=\"has-background\"><strong><strong>Eserden bir kesit;<\/strong>\u00a0<\/strong><\/p>\n\n\n\n<p class=\"has-text-align-left\"><strong>Mukaddime<\/strong><br>\u00c2lemde medeniyet tekemm\u00fcl ettik\u00e7e hav\u00e2yicin dahi o nisbette tez\u00e2y\u00fcd ve tekess\u00fcr edece\u011fi ma\u2018l\u00fbmdur. Binaenaleyh bir kavmin hav\u00e2yici ne kadar basit ise tar\u00eek-\u0131 temedd\u00fcnde kat etti\u011fi mer\u00e2hil dahi o nisbette azd\u0131r. \u015eu mukaddim\u00e2t-\u0131 nazardan d\u00fbr tutulmayarak, bug\u00fcn s\u00fckk\u00e2n-\u0131 arz\u0131n k\u0131sm-\u0131 kesirinin ahv\u00e2li tedibe olunsa, esb\u00e2b-\u0131 mai\u015fetlerinden ta vesait-i zevkiyelerine kadar olan ihtiy\u00e2c\u00e2t\u0131n k\u00e2ffesinin tez\u00e2y\u00fcdiyle beraber bir kava\u2018id-i mukannene ve mu\u2019ayyene dairesine vaz\u2019 edilmi\u015f oldu\u011fu g\u00f6r\u00fcl\u00fcr ki, bu da env\u00e2r-\u0131 medeniyetin ale\u2019t-tedric arz\u0131m\u0131z\u0131n her k\u00f6\u015fesini iz\u00e2e etmekte oldu\u011funa bera\u2019at-i istihl\u00e2ldir. \u0130nsan bid\u00e2yet-i hilkatte me\u2019k\u00fbl\u00e2t ve melb\u00fbs\u00e2t\u0131n kaba bir surette ted\u00e2rik eder idi; bug\u00fcn nefis me\u2019k\u00fbl\u00e2t\u0131 bulmad\u0131k\u00e7a kendisini \u2018ala vechii-kemal tagdiyye edemiyor; m\u00fczeyyen ve mutantan melb\u00fbs\u00e2t olmad\u0131k\u00e7a setr-i v\u00fcc\u00fbd eyleyemiyor, evvelce ahv\u00e2l-i ruhiyeden b\u00ee-haber olan insan, bug\u00fcn ruhunu tezv\u00eek ve telziz i\u00e7in g\u00fbna-g\u00fbn esb\u00e2b-\u0131 tarab taharri ediyor. \u0130\u015fte insanlar medeniyete ilk hatvelerini vaz\u2019 edeliden beri meftun-\u0131 mehasin olma\u011fa ba\u015flam\u0131\u015flard\u0131r ki, bunun neticesi olarak san\u00e2yi-i nefise v\u00fccuda gelmi\u015ftir. San\u00e2yi-i nefisenin biri ise fenn-i bed\u00ee-i musik\u00eedir&#8230;<\/p>\n<\/div><\/div>\n","protected":false},"excerpt":{"rendered":"<p>Genel Bilgiler Eser ad\u0131 : Hanende: m\u00fcntehab ve m\u00fckemmel \u015fark\u0131 mecmuas\u0131 Derleyen : Ahmed Avn\u00ee Konuk Bulundu\u011fu K\u00fct\u00fcphane : \u0130stanbul [&hellip;]<\/p>\n","protected":false},"author":1,"featured_media":0,"parent":0,"menu_order":0,"comment_status":"open","ping_status":"closed","template":"page-templates\/template_fullwidth_slider.php","meta":{"footnotes":""},"class_list":["post-1136","page","type-page","status-publish","hentry"],"jetpack_sharing_enabled":true,"_links":{"self":[{"href":"https:\/\/www.ahmedavnikonuk.com\/index.php?rest_route=\/wp\/v2\/pages\/1136","targetHints":{"allow":["GET"]}}],"collection":[{"href":"https:\/\/www.ahmedavnikonuk.com\/index.php?rest_route=\/wp\/v2\/pages"}],"about":[{"href":"https:\/\/www.ahmedavnikonuk.com\/index.php?rest_route=\/wp\/v2\/types\/page"}],"author":[{"embeddable":true,"href":"https:\/\/www.ahmedavnikonuk.com\/index.php?rest_route=\/wp\/v2\/users\/1"}],"replies":[{"embeddable":true,"href":"https:\/\/www.ahmedavnikonuk.com\/index.php?rest_route=%2Fwp%2Fv2%2Fcomments&post=1136"}],"version-history":[{"count":6,"href":"https:\/\/www.ahmedavnikonuk.com\/index.php?rest_route=\/wp\/v2\/pages\/1136\/revisions"}],"predecessor-version":[{"id":1642,"href":"https:\/\/www.ahmedavnikonuk.com\/index.php?rest_route=\/wp\/v2\/pages\/1136\/revisions\/1642"}],"wp:attachment":[{"href":"https:\/\/www.ahmedavnikonuk.com\/index.php?rest_route=%2Fwp%2Fv2%2Fmedia&parent=1136"}],"curies":[{"name":"wp","href":"https:\/\/api.w.org\/{rel}","templated":true}]}}