{"id":1135,"date":"2020-06-28T19:01:37","date_gmt":"2020-06-28T19:01:37","guid":{"rendered":"http:\/\/www.ahmedavnikonuk.com\/?page_id=1135"},"modified":"2022-12-19T07:52:53","modified_gmt":"2022-12-19T07:52:53","slug":"menakib-i-hazret-i-mevlana","status":"publish","type":"page","link":"https:\/\/www.ahmedavnikonuk.com\/?page_id=1135","title":{"rendered":"Men\u00e2k\u0131b-\u0131 Hazret-i Mevl\u00e2n\u00e2"},"content":{"rendered":"\n<h4 class=\"wp-block-heading\">Genel Bilgiler <\/h4>\n\n\n\n<p><\/p>\n\n\n\n<p><strong>Eser ad\u0131 :<\/strong>&nbsp;Men\u00e2k\u0131b-\u0131 Hazret-i Mevl\u00e2n\u00e2 Cel\u00e2ledd\u00een R\u00fbm\u00ee<\/p>\n\n\n\n<p><strong>Yazar&nbsp;:<\/strong>&nbsp;Feridun Mecd\u00fcdd\u00een \u0130bni Ahmed&nbsp;Sipehs\u00e2l\u00e2r<\/p>\n\n\n\n<p><strong>Terc\u00fcme&nbsp;:<\/strong>&nbsp;Ahmed Avn\u00ee Konuk<\/p>\n\n\n\n<p><strong>Bulundu\u011fu K\u00fct\u00fcphane :<\/strong>&nbsp;\u0130stanbul B\u00fcy\u00fck\u015fehir Belediyesi Atat\u00fcrk Kitapl\u0131\u011f\u0131&nbsp;Say\u0131sal Ar\u015fiv ve e-Kaynaklar<\/p>\n\n\n\n<p><strong>Dil :&nbsp;<\/strong>Osmanl\u0131 T\u00fcrk\u00e7esi<\/p>\n\n\n\n<p><strong>Yaz\u0131 T\u00fcr\u00fc :<\/strong>&nbsp;Matbu<\/p>\n\n\n\n<p><strong>Yer Numaras\u0131 :&nbsp;<\/strong>297.78 S\u0130P 1331 R\/1915 k.1\/1<\/p>\n\n\n\n<p><strong>Kitap Hakk\u0131nda :&nbsp;<\/strong>&nbsp;&#8220;Men\u00e2k\u0131b-\u0131 Hazret-i Mevl\u00e2n\u00e2 Cel\u00e2ledd\u00een R\u00fbm\u00ee&#8221; Ahmed Avn\u00ee Konuk taraf\u0131ndan terc\u00fcme edilmi\u015f ve 1915 y\u0131l\u0131nda bas\u0131lm\u0131\u015ft\u0131r.<\/p>\n\n\n\n<p class=\"has-background\" style=\"background-color:#f3f3f3\">Eserin T\u00fcrk\u00e7esinin ve Osmanl\u0131cas\u0131n\u0131n&nbsp;<strong>PDF&nbsp;<\/strong>hali&nbsp;<strong>E-Kitap<\/strong>\u2018da mevcuttur.<\/p>\n\n\n\n<p class=\"wp-block-pdfemb-pdf-embedder-viewer\"><\/p>\n","protected":false},"excerpt":{"rendered":"<p>Genel Bilgiler Eser ad\u0131 :&nbsp;Men\u00e2k\u0131b-\u0131 Hazret-i Mevl\u00e2n\u00e2 Cel\u00e2ledd\u00een R\u00fbm\u00ee Yazar&nbsp;:&nbsp;Feridun Mecd\u00fcdd\u00een \u0130bni Ahmed&nbsp;Sipehs\u00e2l\u00e2r Terc\u00fcme&nbsp;:&nbsp;Ahmed Avn\u00ee Konuk Bulundu\u011fu K\u00fct\u00fcphane :&nbsp;\u0130stanbul B\u00fcy\u00fck\u015fehir [&hellip;]<\/p>\n","protected":false},"author":1,"featured_media":0,"parent":0,"menu_order":0,"comment_status":"open","ping_status":"closed","template":"page-templates\/template_fullwidth_slider.php","meta":{"footnotes":""},"class_list":["post-1135","page","type-page","status-publish","hentry"],"jetpack_sharing_enabled":true,"_links":{"self":[{"href":"https:\/\/www.ahmedavnikonuk.com\/index.php?rest_route=\/wp\/v2\/pages\/1135","targetHints":{"allow":["GET"]}}],"collection":[{"href":"https:\/\/www.ahmedavnikonuk.com\/index.php?rest_route=\/wp\/v2\/pages"}],"about":[{"href":"https:\/\/www.ahmedavnikonuk.com\/index.php?rest_route=\/wp\/v2\/types\/page"}],"author":[{"embeddable":true,"href":"https:\/\/www.ahmedavnikonuk.com\/index.php?rest_route=\/wp\/v2\/users\/1"}],"replies":[{"embeddable":true,"href":"https:\/\/www.ahmedavnikonuk.com\/index.php?rest_route=%2Fwp%2Fv2%2Fcomments&post=1135"}],"version-history":[{"count":6,"href":"https:\/\/www.ahmedavnikonuk.com\/index.php?rest_route=\/wp\/v2\/pages\/1135\/revisions"}],"predecessor-version":[{"id":3234,"href":"https:\/\/www.ahmedavnikonuk.com\/index.php?rest_route=\/wp\/v2\/pages\/1135\/revisions\/3234"}],"wp:attachment":[{"href":"https:\/\/www.ahmedavnikonuk.com\/index.php?rest_route=%2Fwp%2Fv2%2Fmedia&parent=1135"}],"curies":[{"name":"wp","href":"https:\/\/api.w.org\/{rel}","templated":true}]}}