{"id":1134,"date":"2020-06-28T19:01:37","date_gmt":"2020-06-28T19:01:37","guid":{"rendered":"http:\/\/www.ahmedavnikonuk.com\/?page_id=1134"},"modified":"2022-10-23T05:32:34","modified_gmt":"2022-10-23T05:32:34","slug":"miratul-irfan","status":"publish","type":"page","link":"https:\/\/www.ahmedavnikonuk.com\/?page_id=1134","title":{"rendered":"Mir\u00e2t\u00fc&#8217;l-\u0130rf\u00e2n"},"content":{"rendered":"\n<h4 class=\"wp-block-heading\">Genel Bilgiler<\/h4>\n\n\n\n<p><\/p>\n\n\n\n<p><strong>Eser ad\u0131 :\u00a0<\/strong>Mir\u00e2t\u2019\u00fcl-\u0130rf\u00e2n ve L\u00fcbbeh Terc\u00fcmesi<\/p>\n\n\n\n<p><strong>Yazar :&nbsp;&nbsp;<\/strong>Muhyidd\u00een \u0130bn Arab\u00ee<\/p>\n\n\n\n<p><strong>\u015eerh : <\/strong>Ahmed bin S\u00fcleyman et-Trablusi (\u00f6. 1286 H. den sonra)<\/p>\n\n\n\n<p><strong>M\u00fctercim&nbsp;:<\/strong>&nbsp;Ahmed Avn\u00ee Konuk<\/p>\n\n\n\n<p><strong>Bulundu\u011fu K\u00fct\u00fcphane :<\/strong>&nbsp;\u0130stanbul B\u00fcy\u00fck\u015fehir Belediyesi Atat\u00fcrk Kitapl\u0131\u011f\u0131&nbsp;Say\u0131sal Ar\u015fiv ve e-Kaynaklar<\/p>\n\n\n\n<p><strong>Dil :<\/strong>&nbsp;Osmanl\u0131 T\u00fcrk\u00e7esi<\/p>\n\n\n\n<p><strong>Yaz\u0131 T\u00fcr\u00fc :&nbsp;<\/strong>Rika<\/p>\n\n\n\n<p><strong>Yer Numaras\u0131 :<\/strong>&nbsp;297.7 AHM 1341 H. 1<\/p>\n\n\n\n<p><strong>Kitap Hakk\u0131nda :<\/strong>&nbsp;1341 senesinde terc\u00fcme edilen eser \u0130bni Arab\u00ee\u2019ye ait <strong>Ehadiyet Ris\u00e2lesi<\/strong> olarakta bilinen <strong>\u201cMen Arefe Nefsehu Fakad Arefe Rabbehu\u201d<\/strong> ris\u00e2lesinin \u015ferh edilmi\u015f halidir. \u015eerh, S\u00fcleyman Trablus\u00ee taraf\u0131ndan Arap\u00e7a olarak yap\u0131lm\u0131\u015f ve Avn\u00ee Konuk taraf\u0131ndan T\u00fcrk\u00e7eye terc\u00fcme edilmi\u015ftir. Eser k\u0131r\u0131k \u00e7eviri usul\u00fcyle terc\u00fcme edilmi\u015ftir.<\/p>\n\n\n\n<p><strong>Eserin \u00e7eviri-yaz\u0131s\u0131 a\u015fa\u011f\u0131dan okunabilir ya da pdf olarak e-kitap k\u0131sm\u0131ndan indirilebilir.<\/strong><\/p>\n\n\n\n<p class=\"wp-block-pdfemb-pdf-embedder-viewer\"><\/p>\n\n\n\n<p><\/p>\n","protected":false},"excerpt":{"rendered":"<p>Genel Bilgiler Eser ad\u0131 :\u00a0Mir\u00e2t\u2019\u00fcl-\u0130rf\u00e2n ve L\u00fcbbeh Terc\u00fcmesi Yazar :&nbsp;&nbsp;Muhyidd\u00een \u0130bn Arab\u00ee \u015eerh : Ahmed bin S\u00fcleyman et-Trablusi (\u00f6. 1286 [&hellip;]<\/p>\n","protected":false},"author":1,"featured_media":0,"parent":0,"menu_order":0,"comment_status":"open","ping_status":"closed","template":"page-templates\/template_fullwidth_slider.php","meta":{"footnotes":""},"class_list":["post-1134","page","type-page","status-publish","hentry"],"jetpack_sharing_enabled":true,"_links":{"self":[{"href":"https:\/\/www.ahmedavnikonuk.com\/index.php?rest_route=\/wp\/v2\/pages\/1134","targetHints":{"allow":["GET"]}}],"collection":[{"href":"https:\/\/www.ahmedavnikonuk.com\/index.php?rest_route=\/wp\/v2\/pages"}],"about":[{"href":"https:\/\/www.ahmedavnikonuk.com\/index.php?rest_route=\/wp\/v2\/types\/page"}],"author":[{"embeddable":true,"href":"https:\/\/www.ahmedavnikonuk.com\/index.php?rest_route=\/wp\/v2\/users\/1"}],"replies":[{"embeddable":true,"href":"https:\/\/www.ahmedavnikonuk.com\/index.php?rest_route=%2Fwp%2Fv2%2Fcomments&post=1134"}],"version-history":[{"count":10,"href":"https:\/\/www.ahmedavnikonuk.com\/index.php?rest_route=\/wp\/v2\/pages\/1134\/revisions"}],"predecessor-version":[{"id":3208,"href":"https:\/\/www.ahmedavnikonuk.com\/index.php?rest_route=\/wp\/v2\/pages\/1134\/revisions\/3208"}],"wp:attachment":[{"href":"https:\/\/www.ahmedavnikonuk.com\/index.php?rest_route=%2Fwp%2Fv2%2Fmedia&parent=1134"}],"curies":[{"name":"wp","href":"https:\/\/api.w.org\/{rel}","templated":true}]}}