{"id":1132,"date":"2020-06-28T19:01:37","date_gmt":"2020-06-28T19:01:37","guid":{"rendered":"http:\/\/www.ahmedavnikonuk.com\/?page_id=1132"},"modified":"2020-07-07T06:36:45","modified_gmt":"2020-07-07T06:36:45","slug":"risale-i-vahdetul-vucud","status":"publish","type":"page","link":"https:\/\/www.ahmedavnikonuk.com\/?page_id=1132","title":{"rendered":"Ris\u00e2le-i Vahdet\u00fc&#8217;l-V\u00fcc\u00fbd"},"content":{"rendered":"\n<h4 class=\"wp-block-heading\"><strong>Genel bilgiler<\/strong><\/h4>\n\n\n\n<p><\/p>\n\n\n\n<p><strong>Eser ad\u0131 : <\/strong>Terceme-i Ris\u00e2le-i Vahdet\u00fc&#8217;l-V\u00fcc\u00fbd<\/p>\n\n\n\n<p><strong>Yazar :<\/strong> \u0130mdad-Allah et-Tehanevi, Hac\u0131 \u0130mdad-Allah bin Muhammed Emin el-\u00d6meri el-Faruk\u00ee el-Hindi el-Mekki (\u00f6. 1317 H.)<\/p>\n\n\n\n<p><strong>M\u00fctercim : <\/strong>Ahmed Avn\u00ee Konuk<\/p>\n\n\n\n<p><strong>Bulundu\u011fu K\u00fct\u00fcphane : <\/strong>\u0130stanbul B\u00fcy\u00fck\u015fehir Belediyesi Atat\u00fcrk Kitapl\u0131\u011f\u0131 Say\u0131sal Ar\u015fiv ve e-Kaynaklar<\/p>\n\n\n\n<p><strong>Dil :<\/strong> Osmanl\u0131 T\u00fcrk\u00e7esi<\/p>\n\n\n\n<p><strong>Yaz\u0131 T\u00fcr\u00fc : <\/strong>Rika<\/p>\n\n\n\n<p><strong>Yer Numaras\u0131 : <\/strong>297.7 \u0130MD 1340 H. 1<\/p>\n\n\n\n<p><strong>Kitap Hakk\u0131nda : <\/strong>Terceme-i Ris\u00e2le-i Vahdet\u00fc&#8217;l-V\u00fcc\u00fbd, Ahmed Avni Konuk taraf\u0131ndan hicri 1340 y\u0131l\u0131nda kaleme al\u0131nm\u0131\u015f olup eserin latin harflerine \u00e7evrilmi\u015f bask\u0131s\u0131 mevcut de\u011fildir.<\/p>\n","protected":false},"excerpt":{"rendered":"<p>Genel bilgiler Eser ad\u0131 : Terceme-i Ris\u00e2le-i Vahdet\u00fc&#8217;l-V\u00fcc\u00fbd Yazar : \u0130mdad-Allah et-Tehanevi, Hac\u0131 \u0130mdad-Allah bin Muhammed Emin el-\u00d6meri el-Faruk\u00ee el-Hindi [&hellip;]<\/p>\n","protected":false},"author":1,"featured_media":0,"parent":0,"menu_order":0,"comment_status":"open","ping_status":"closed","template":"page-templates\/template_fullwidth_slider.php","meta":{"footnotes":""},"class_list":["post-1132","page","type-page","status-publish","hentry"],"jetpack_sharing_enabled":true,"_links":{"self":[{"href":"https:\/\/www.ahmedavnikonuk.com\/index.php?rest_route=\/wp\/v2\/pages\/1132","targetHints":{"allow":["GET"]}}],"collection":[{"href":"https:\/\/www.ahmedavnikonuk.com\/index.php?rest_route=\/wp\/v2\/pages"}],"about":[{"href":"https:\/\/www.ahmedavnikonuk.com\/index.php?rest_route=\/wp\/v2\/types\/page"}],"author":[{"embeddable":true,"href":"https:\/\/www.ahmedavnikonuk.com\/index.php?rest_route=\/wp\/v2\/users\/1"}],"replies":[{"embeddable":true,"href":"https:\/\/www.ahmedavnikonuk.com\/index.php?rest_route=%2Fwp%2Fv2%2Fcomments&post=1132"}],"version-history":[{"count":4,"href":"https:\/\/www.ahmedavnikonuk.com\/index.php?rest_route=\/wp\/v2\/pages\/1132\/revisions"}],"predecessor-version":[{"id":1584,"href":"https:\/\/www.ahmedavnikonuk.com\/index.php?rest_route=\/wp\/v2\/pages\/1132\/revisions\/1584"}],"wp:attachment":[{"href":"https:\/\/www.ahmedavnikonuk.com\/index.php?rest_route=%2Fwp%2Fv2%2Fmedia&parent=1132"}],"curies":[{"name":"wp","href":"https:\/\/api.w.org\/{rel}","templated":true}]}}