{"id":1131,"date":"2020-06-28T19:01:37","date_gmt":"2020-06-28T19:01:37","guid":{"rendered":"http:\/\/www.ahmedavnikonuk.com\/?page_id=1131"},"modified":"2020-11-11T13:27:45","modified_gmt":"2020-11-11T13:27:45","slug":"7-resail-i-aziz-ed-din-en-nesefi","status":"publish","type":"page","link":"https:\/\/www.ahmedavnikonuk.com\/?page_id=1131","title":{"rendered":"7.\tRes\u00e2&#8217;il-i Aziz ed-d\u00een en-Nesef\u00ee"},"content":{"rendered":"\n<h4 class=\"wp-block-heading\"><strong>Genel Bilgiler<\/strong><\/h4>\n\n\n\n<p><\/p>\n\n\n\n<p><strong>Eser ad\u0131 :<\/strong> Resail-i Azizeddin en-Nesefi Terc\u00fcmesi<\/p>\n\n\n\n<p><strong>Yazar :<\/strong> en-Nesefi, Aziz ed-din Abd el-Aziz bin Muhammed (\u00f6. 686 H.)<\/p>\n\n\n\n<p><strong>M\u00fctercim : <\/strong>Ahmed Avn\u00ee Konuk<\/p>\n\n\n\n<p><strong>Bulundu\u011fu K\u00fct\u00fcphane<\/strong> : \u0130stanbul B\u00fcy\u00fck\u015fehir Belediyesi Atat\u00fcrk Kitapl\u0131\u011f\u0131 Say\u0131sal Ar\u015fiv ve e-Kaynaklar<\/p>\n\n\n\n<p><strong>Dil : <\/strong>Osmanl\u0131 T\u00fcrk\u00e7esi<\/p>\n\n\n\n<p><strong>Yaz\u0131 T\u00fcr\u00fc <\/strong>: Rika<\/p>\n\n\n\n<p><strong>Yer Numaras\u0131 <\/strong>: 297.7 NES 1338 H. 1<\/p>\n\n\n\n<p class=\"has-very-dark-gray-color has-text-color\"><strong>Kitap Hakk\u0131nda :<\/strong> Resail-i Azizeddin en-Nesefi terc\u00fcmesi, Ahmed Avni Konuk taraf\u0131ndan hicri 1338 y\u0131l\u0131nda kaleme al\u0131nm\u0131\u015ft\u0131r. Eserin \u00e7eviri yaz\u0131s\u0131 <strong>Sezai F\u0131rat<\/strong> taraf\u0131ndan yap\u0131lm\u0131\u015f olup <strong>\u0130ns\u00e2n-\u0131 K\u00e2mil<\/strong> ad\u0131yla <strong>Gelenek<\/strong> <strong>Yay\u0131nlar\u0131 <\/strong>taraf\u0131ndan bas\u0131lm\u0131\u015ft\u0131r.<\/p>\n\n\n\n<p class=\"has-white-color has-text-color\"><\/p>\n","protected":false},"excerpt":{"rendered":"<p>Genel Bilgiler Eser ad\u0131 : Resail-i Azizeddin en-Nesefi Terc\u00fcmesi Yazar : en-Nesefi, Aziz ed-din Abd el-Aziz bin Muhammed (\u00f6. 686 [&hellip;]<\/p>\n","protected":false},"author":1,"featured_media":0,"parent":0,"menu_order":0,"comment_status":"open","ping_status":"closed","template":"page-templates\/template_fullwidth_slider.php","meta":{"footnotes":""},"class_list":["post-1131","page","type-page","status-publish","hentry"],"jetpack_sharing_enabled":true,"_links":{"self":[{"href":"https:\/\/www.ahmedavnikonuk.com\/index.php?rest_route=\/wp\/v2\/pages\/1131","targetHints":{"allow":["GET"]}}],"collection":[{"href":"https:\/\/www.ahmedavnikonuk.com\/index.php?rest_route=\/wp\/v2\/pages"}],"about":[{"href":"https:\/\/www.ahmedavnikonuk.com\/index.php?rest_route=\/wp\/v2\/types\/page"}],"author":[{"embeddable":true,"href":"https:\/\/www.ahmedavnikonuk.com\/index.php?rest_route=\/wp\/v2\/users\/1"}],"replies":[{"embeddable":true,"href":"https:\/\/www.ahmedavnikonuk.com\/index.php?rest_route=%2Fwp%2Fv2%2Fcomments&post=1131"}],"version-history":[{"count":7,"href":"https:\/\/www.ahmedavnikonuk.com\/index.php?rest_route=\/wp\/v2\/pages\/1131\/revisions"}],"predecessor-version":[{"id":2111,"href":"https:\/\/www.ahmedavnikonuk.com\/index.php?rest_route=\/wp\/v2\/pages\/1131\/revisions\/2111"}],"wp:attachment":[{"href":"https:\/\/www.ahmedavnikonuk.com\/index.php?rest_route=%2Fwp%2Fv2%2Fmedia&parent=1131"}],"curies":[{"name":"wp","href":"https:\/\/api.w.org\/{rel}","templated":true}]}}