{"id":1130,"date":"2020-06-28T19:01:37","date_gmt":"2020-06-28T19:01:37","guid":{"rendered":"http:\/\/www.ahmedavnikonuk.com\/?page_id=1130"},"modified":"2020-07-10T08:40:26","modified_gmt":"2020-07-10T08:40:26","slug":"lemeat","status":"publish","type":"page","link":"https:\/\/www.ahmedavnikonuk.com\/?page_id=1130","title":{"rendered":"Leme&#8217;\u00e2t"},"content":{"rendered":"\n<h4 class=\"wp-block-heading\">Genel Bilgiler<\/h4>\n\n\n\n<p><\/p>\n\n\n\n<p><strong>Eser ad\u0131 :&nbsp;<\/strong>&nbsp;Terc\u00fcme-i Lema\u00e2t<\/p>\n\n\n\n<p><strong>Yazar :<\/strong>&nbsp;&nbsp;el-Irak\u00ee, Fahred-d\u00een \u0130brahim bin \u015eehriyar (\u00f6. 680 H.)<\/p>\n\n\n\n<p><strong>M\u00fctercim&nbsp;:&nbsp;<\/strong>Ahmed Avn\u00ee Konuk<\/p>\n\n\n\n<p><strong>Bulundu\u011fu K\u00fct\u00fcphan<\/strong>e :&nbsp;\u0130stanbul B\u00fcy\u00fck\u015fehir Belediyesi Atat\u00fcrk Kitapl\u0131\u011f\u0131&nbsp;Say\u0131sal Ar\u015fiv ve e-Kaynaklar<\/p>\n\n\n\n<p><strong>Dil :<\/strong>&nbsp;Osmanl\u0131 T\u00fcrk\u00e7esi<\/p>\n\n\n\n<p><strong>Yaz\u0131 T\u00fcr\u00fc :&nbsp;<\/strong>Rika<\/p>\n\n\n\n<p><strong>Yer Numaras\u0131 :<\/strong>&nbsp;297.7 IRA 1332 H. 1<\/p>\n\n\n\n<p><strong>Kitap Hakk\u0131nda :<\/strong>\u00a0 Eserin <strong>Ercan Alkan\u00a0<\/strong>taraf\u0131ndan \u00e7eviri yaz\u0131s\u0131 yap\u0131lm\u0131\u015f ve <strong>&#8220;Lema\u00e2t: A\u015fka ve \u00c2\u015f\u0131klara Dair&#8221;<\/strong> ad\u0131yla \u00a0<strong>\u0130lk Harf Yay\u0131nlar\u0131 <\/strong>taraf\u0131ndan bas\u0131lm\u0131\u015ft\u0131r. Lema\u00e2t, \u0130bn Arab\u00ee&#8217;ye ait F\u00fcsus&#8217;ul-Hikem&#8217;in \u00f6z\u00fc olarak tabir edilebilir. F\u00fcsus 27 peygambere has k\u0131l\u0131nan fas\u0131llardan olu\u015ftu\u011fu gibi Lema\u00e2t&#8217;da 27 lem&#8217;a&#8217;dan olu\u015fmaktad\u0131r. Her lem&#8217;a&#8217; farkl\u0131 bir isimle tesmiye edilmi\u015ftir. <\/p>\n","protected":false},"excerpt":{"rendered":"<p>Genel Bilgiler Eser ad\u0131 :&nbsp;&nbsp;Terc\u00fcme-i Lema\u00e2t Yazar :&nbsp;&nbsp;el-Irak\u00ee, Fahred-d\u00een \u0130brahim bin \u015eehriyar (\u00f6. 680 H.) M\u00fctercim&nbsp;:&nbsp;Ahmed Avn\u00ee Konuk Bulundu\u011fu K\u00fct\u00fcphane [&hellip;]<\/p>\n","protected":false},"author":1,"featured_media":0,"parent":0,"menu_order":0,"comment_status":"open","ping_status":"closed","template":"page-templates\/template_fullwidth_slider.php","meta":{"footnotes":""},"class_list":["post-1130","page","type-page","status-publish","hentry"],"jetpack_sharing_enabled":true,"_links":{"self":[{"href":"https:\/\/www.ahmedavnikonuk.com\/index.php?rest_route=\/wp\/v2\/pages\/1130","targetHints":{"allow":["GET"]}}],"collection":[{"href":"https:\/\/www.ahmedavnikonuk.com\/index.php?rest_route=\/wp\/v2\/pages"}],"about":[{"href":"https:\/\/www.ahmedavnikonuk.com\/index.php?rest_route=\/wp\/v2\/types\/page"}],"author":[{"embeddable":true,"href":"https:\/\/www.ahmedavnikonuk.com\/index.php?rest_route=\/wp\/v2\/users\/1"}],"replies":[{"embeddable":true,"href":"https:\/\/www.ahmedavnikonuk.com\/index.php?rest_route=%2Fwp%2Fv2%2Fcomments&post=1130"}],"version-history":[{"count":4,"href":"https:\/\/www.ahmedavnikonuk.com\/index.php?rest_route=\/wp\/v2\/pages\/1130\/revisions"}],"predecessor-version":[{"id":1660,"href":"https:\/\/www.ahmedavnikonuk.com\/index.php?rest_route=\/wp\/v2\/pages\/1130\/revisions\/1660"}],"wp:attachment":[{"href":"https:\/\/www.ahmedavnikonuk.com\/index.php?rest_route=%2Fwp%2Fv2%2Fmedia&parent=1130"}],"curies":[{"name":"wp","href":"https:\/\/api.w.org\/{rel}","templated":true}]}}