{"id":1129,"date":"2020-06-28T19:01:37","date_gmt":"2020-06-28T19:01:37","guid":{"rendered":"http:\/\/www.ahmedavnikonuk.com\/?page_id=1129"},"modified":"2020-07-10T09:38:35","modified_gmt":"2020-07-10T09:38:35","slug":"gulsen-i-raz","status":"publish","type":"page","link":"https:\/\/www.ahmedavnikonuk.com\/?page_id=1129","title":{"rendered":"G\u00fcl\u015fen-i R\u00e2z"},"content":{"rendered":"\n<h4 class=\"wp-block-heading\">Genel Bilgiler<\/h4>\n\n\n\n<p><\/p>\n\n\n\n<p><strong>Eser ad\u0131 :\u00a0<\/strong>\u00a0Mecmuat el-Fevaid\u00a0<\/p>\n\n\n\n<p><strong>Yazar :\u00a0<\/strong>\u00a0Mahm\u00fbd-\u0131 \u015eeb\u00fcster\u00ee<\/p>\n\n\n\n<p><strong>M\u00fctercim\u00a0:\u00a0<\/strong>Ahmed Avn\u00ee Konuk<\/p>\n\n\n\n<p><strong>Bulundu\u011fu K\u00fct\u00fcphane :<\/strong>\u00a0\u0130stanbul B\u00fcy\u00fck\u015fehir Belediyesi Atat\u00fcrk Kitapl\u0131\u011f\u0131\u00a0Say\u0131sal Ar\u015fiv ve e-Kaynaklar<\/p>\n\n\n\n<p><strong>Dil :\u00a0<\/strong>Osmanl\u0131 T\u00fcrk\u00e7esi<\/p>\n\n\n\n<p><strong>Yaz\u0131 T\u00fcr\u00fc :\u00a0<\/strong>Rika<\/p>\n\n\n\n<p><strong>Yer Numaras\u0131 :<\/strong>\u00a0297.08 MEC 1<\/p>\n\n\n\n<p><strong>Kitap Hakk\u0131nda :\u00a0<\/strong>Mecmuat el-fevaid\u00a0,\u00a0Ahmed Avni Konuk taraf\u0131ndan kaleme al\u0131nm\u0131\u015f olup \u015eeb\u00fcsteri&#8217;nin G\u00fcl\u015fen-i R\u00e2z&#8217;\u0131n\u0131n 150 beytine yap\u0131lan k\u0131smi bir \u015ferhdir. Eser <strong>Cengiz G\u00fcndo\u011fdu<\/strong> taraf\u0131ndan latin harflerine \u00e7evrilmi\u015f ve <strong>\u0130lk Harf Yay\u0131nlar<\/strong>\u0131 taraf\u0131ndan\u00a0<strong>G\u00fcl\u015fen-i R\u00e2z<\/strong> ismiyle bas\u0131lm\u0131\u015ft\u0131r.<\/p>\n","protected":false},"excerpt":{"rendered":"<p>Genel Bilgiler Eser ad\u0131 :\u00a0\u00a0Mecmuat el-Fevaid\u00a0 Yazar :\u00a0\u00a0Mahm\u00fbd-\u0131 \u015eeb\u00fcster\u00ee M\u00fctercim\u00a0:\u00a0Ahmed Avn\u00ee Konuk Bulundu\u011fu K\u00fct\u00fcphane :\u00a0\u0130stanbul B\u00fcy\u00fck\u015fehir Belediyesi Atat\u00fcrk Kitapl\u0131\u011f\u0131\u00a0Say\u0131sal Ar\u015fiv [&hellip;]<\/p>\n","protected":false},"author":1,"featured_media":0,"parent":0,"menu_order":0,"comment_status":"open","ping_status":"closed","template":"page-templates\/template_fullwidth_slider.php","meta":{"footnotes":""},"class_list":["post-1129","page","type-page","status-publish","hentry"],"jetpack_sharing_enabled":true,"_links":{"self":[{"href":"https:\/\/www.ahmedavnikonuk.com\/index.php?rest_route=\/wp\/v2\/pages\/1129","targetHints":{"allow":["GET"]}}],"collection":[{"href":"https:\/\/www.ahmedavnikonuk.com\/index.php?rest_route=\/wp\/v2\/pages"}],"about":[{"href":"https:\/\/www.ahmedavnikonuk.com\/index.php?rest_route=\/wp\/v2\/types\/page"}],"author":[{"embeddable":true,"href":"https:\/\/www.ahmedavnikonuk.com\/index.php?rest_route=\/wp\/v2\/users\/1"}],"replies":[{"embeddable":true,"href":"https:\/\/www.ahmedavnikonuk.com\/index.php?rest_route=%2Fwp%2Fv2%2Fcomments&post=1129"}],"version-history":[{"count":3,"href":"https:\/\/www.ahmedavnikonuk.com\/index.php?rest_route=\/wp\/v2\/pages\/1129\/revisions"}],"predecessor-version":[{"id":1666,"href":"https:\/\/www.ahmedavnikonuk.com\/index.php?rest_route=\/wp\/v2\/pages\/1129\/revisions\/1666"}],"wp:attachment":[{"href":"https:\/\/www.ahmedavnikonuk.com\/index.php?rest_route=%2Fwp%2Fv2%2Fmedia&parent=1129"}],"curies":[{"name":"wp","href":"https:\/\/api.w.org\/{rel}","templated":true}]}}