{"id":1127,"date":"2020-06-28T19:01:37","date_gmt":"2020-06-28T19:01:37","guid":{"rendered":"http:\/\/www.ahmedavnikonuk.com\/?page_id=1127"},"modified":"2020-07-10T11:30:14","modified_gmt":"2020-07-10T11:30:14","slug":"et-tedbiratul-ilahiye-fi-islahil-memleketil-insaniye-2","status":"publish","type":"page","link":"https:\/\/www.ahmedavnikonuk.com\/?page_id=1127","title":{"rendered":"et-Tedb\u00eer\u00e2t\u00fc&#8217;l-il\u00e2h\u00eeye f\u00ee \u0131slahi&#8217;l-memleketi&#8217;l-ins\u00e2n\u00eeye"},"content":{"rendered":"\n<h4 class=\"wp-block-heading\">Genel Bilgiler<\/h4>\n\n\n\n<p><\/p>\n\n\n\n<p><strong>Eser ad\u0131 :\u00a0<\/strong>et-Tedb\u00eer\u00e2t\u00fc&#8217;l-il\u00e2h\u00eeye f\u00ee Islahi&#8217;l-Memleketi&#8217;l-\u0130ns\u00e2n\u00eeye<\/p>\n\n\n\n<p><strong>Yazar&nbsp;:<\/strong>&nbsp;Ahmed Avn\u00ee Konuk<\/p>\n\n\n\n<p><strong>Bulundu\u011fu K\u00fct\u00fcphane : <\/strong>\u0130stanbul B\u00fcy\u00fck\u015fehir Belediyesi Atat\u00fcrk Kitapl\u0131\u011f\u0131<\/p>\n\n\n\n<p><strong>Dil :&nbsp;<\/strong>Osmanl\u0131 T\u00fcrk\u00e7esi<\/p>\n\n\n\n<p><strong>Yaz\u0131 T\u00fcr\u00fc :&nbsp;<\/strong>Rika<\/p>\n\n\n\n<p><strong>Yer Numaras\u0131 :<\/strong> 297.7 KON 297.7 KON 1344 H. 1<\/p>\n\n\n\n<p><strong>Kitap Hakk\u0131nda :<\/strong>\u00a0\u0130bn Arab\u00ee&#8217;ye ait olan eserin iki farkl\u0131 n\u00fcshas\u0131 bulunmaktad\u0131r. Birisi Konya Mevl\u00e2n\u00e2 M\u00fczesinde di\u011feri Atat\u00fcrk Kitapl\u0131\u011f\u0131&#8217;ndad\u0131r. Her iki n\u00fcshada 814 sayfad\u0131r. Eserin yaz\u0131l\u0131\u015f\u0131n\u0131 \u0130bn Arab\u00ee bizzat eserde belirtmektedir; <strong><em>&#8220;Bu kit\u00e2b\u0131 sebeb-i te&#8217;lifimiz bu idi ki; \u015feyh-i salih Eb\u00fb Muhammed el-M\u00fbr\u00fbr\u00ee&#8217;yi ziy\u00e2ret eyledi\u011fim vakit onun indinde -Hak\u00eem&#8217;in Z\u00fcl-karneyn i\u00e7in, onunla beraber me\u015fye kudreti olmad\u0131\u011f\u0131 vakitte, tasn\u00eef eyledi\u011fi -S\u0131rru&#8217;l-Esr\u00e2r-kit\u00e2b\u0131n\u0131 buldum. Eb\u00fb Muhammed bana dedi ki: -Bu m\u00fcellif bu memleket-i d\u00fcnyeviyenin tedbirine nazar etmi\u015ftir. Ve ben senden kendisinde sa\u00e2detimiz bulunan ve ona tek\u00e2b\u00fcl eden memleket-i ins\u00e2niyenin siyasetini isterim.-  \u0130mdi ben ona icabet ettim.&#8221;<\/em> <\/strong> Tedb\u00eer\u00e2t, <strong>Mustafa Tahral\u0131  <\/strong>taraf\u0131ndan \u00e7eviri yaz\u0131s\u0131 yap\u0131larak yay\u0131nlanm\u0131\u015ft\u0131r. <\/p>\n\n\n\n<p style=\"background-color:#d3e8f5\" class=\"has-background\">Eserden bir kesit; <\/p>\n\n\n\n<p>Bismill\u00e2hirrahm\u00e2nirrahim<\/p>\n\n\n\n<p>&nbsp;&nbsp;&nbsp;&nbsp;&nbsp;&nbsp;&nbsp;&nbsp; [\u0627\u0644\u062d\u0645\u062f \u0644\u0644\u0647 \u0627\u0644\u0630\u064a \u0627\u0633\u062a\u062e\u0631\u062c \u0627\u0644\u0627\u0646\u0633\u0627\u0646 \u0645\u0646 \u0648\u062c\u0648\u062f \u0639\u0644\u0645\u06d5 \u0627\u0644\u06cc \u0648\u062c\u0648\u062f \u0639\u06cc\u0646\u06d5 \u0641\u06cc \u0627\u0648\u0644 \u0627\u0628\u062f\u0627\u0639\u06d5\u060c \u062c\u0648\u0647\u0631\u0629 \u0641\u0646\u0638\u0631 \u0647\u0627 \u0628\u0639\u06cc\u0646 \u0627\u0644\u062c\u0644\u0627\u0644\u060c \u0641\u0630\u0627\u0628\u062a \u062d\u06cc\u0627\u0621\u064b \u0645\u0646\u06d5\u060c \u0639\u0646\u062f\u0645\u0627 \u062d\u0642\u0642\u062a \u0646\u0638\u0631\u06d5 \u0641\u0633\u0627\u0644\u062a \u0645\u0627\u0621\u060c \u0627\u0643\u0646 \u0641\u06cc\u06d5 \u062c\u0648\u0627\u0647\u0631 \u0639\u0644\u0645\u06d5 \u0627\u0644\u0642\u062f\u06cc\u0645 \u0648 \u062f\u0631\u0631\u06d5]&nbsp;<\/p>\n\n\n\n<p>\u201cHamd olsun Allah-u Z\u00fclcel\u00e2le ki ins\u00e2n\u0131 v\u00fcc\u00fbd-u ilminden v\u00fcc\u00fbd-u ayn\u0131na istihr\u00e2c eyledi. Onun evvel-i ibd\u00e2\u2019\u0131nda bir cevher var idi. O cevhere ayn-\u0131 cel\u00e2l ile nazar etti. O cevher onun nazar\u0131n\u0131n tahakkuk eyledi\u011fi \u015fey indinde ondan hay\u00e2 ederek eridi. \u0130mdi onun ilm-i kad\u00eeminin cev\u00e2hirinden ve incilerinden onda mekn\u00fbn olan m\u00e2 seyel\u00e2n etti.\u201d&#8230;<\/p>\n","protected":false},"excerpt":{"rendered":"<p>Genel Bilgiler Eser ad\u0131 :\u00a0et-Tedb\u00eer\u00e2t\u00fc&#8217;l-il\u00e2h\u00eeye f\u00ee Islahi&#8217;l-Memleketi&#8217;l-\u0130ns\u00e2n\u00eeye Yazar&nbsp;:&nbsp;Ahmed Avn\u00ee Konuk Bulundu\u011fu K\u00fct\u00fcphane : \u0130stanbul B\u00fcy\u00fck\u015fehir Belediyesi Atat\u00fcrk Kitapl\u0131\u011f\u0131 Dil :&nbsp;Osmanl\u0131 [&hellip;]<\/p>\n","protected":false},"author":1,"featured_media":0,"parent":0,"menu_order":0,"comment_status":"open","ping_status":"closed","template":"page-templates\/template_fullwidth_slider.php","meta":{"footnotes":""},"class_list":["post-1127","page","type-page","status-publish","hentry"],"jetpack_sharing_enabled":true,"_links":{"self":[{"href":"https:\/\/www.ahmedavnikonuk.com\/index.php?rest_route=\/wp\/v2\/pages\/1127","targetHints":{"allow":["GET"]}}],"collection":[{"href":"https:\/\/www.ahmedavnikonuk.com\/index.php?rest_route=\/wp\/v2\/pages"}],"about":[{"href":"https:\/\/www.ahmedavnikonuk.com\/index.php?rest_route=\/wp\/v2\/types\/page"}],"author":[{"embeddable":true,"href":"https:\/\/www.ahmedavnikonuk.com\/index.php?rest_route=\/wp\/v2\/users\/1"}],"replies":[{"embeddable":true,"href":"https:\/\/www.ahmedavnikonuk.com\/index.php?rest_route=%2Fwp%2Fv2%2Fcomments&post=1127"}],"version-history":[{"count":4,"href":"https:\/\/www.ahmedavnikonuk.com\/index.php?rest_route=\/wp\/v2\/pages\/1127\/revisions"}],"predecessor-version":[{"id":1672,"href":"https:\/\/www.ahmedavnikonuk.com\/index.php?rest_route=\/wp\/v2\/pages\/1127\/revisions\/1672"}],"wp:attachment":[{"href":"https:\/\/www.ahmedavnikonuk.com\/index.php?rest_route=%2Fwp%2Fv2%2Fmedia&parent=1127"}],"curies":[{"name":"wp","href":"https:\/\/api.w.org\/{rel}","templated":true}]}}