{"id":1126,"date":"2020-06-28T19:01:37","date_gmt":"2020-06-28T19:01:37","guid":{"rendered":"http:\/\/www.ahmedavnikonuk.com\/?page_id=1126"},"modified":"2020-07-10T11:03:52","modified_gmt":"2020-07-10T11:03:52","slug":"fususul-hikem","status":"publish","type":"page","link":"https:\/\/www.ahmedavnikonuk.com\/?page_id=1126","title":{"rendered":"Fus\u00fbs\u00fc&#8217;l-Hikem"},"content":{"rendered":"\n<h4 class=\"wp-block-heading\">Genel Bilgiler<\/h4>\n\n\n\n<p><\/p>\n\n\n\n<p><strong>Eser ad\u0131 :\u00a0<\/strong>\u015eerh-i Fus\u00fbs\u00fc&#8217;l-Hikem<\/p>\n\n\n\n<p><strong>Yazar\u00a0:<\/strong>\u00a0Ahmed Avn\u00ee Konuk<\/p>\n\n\n\n<p><strong>Bulundu\u011fu K\u00fct\u00fcphane : <\/strong>Mevlana M\u00fczesi-Konya-<\/p>\n\n\n\n<p><strong>Dil :\u00a0<\/strong>Osmanl\u0131 T\u00fcrk\u00e7esi<\/p>\n\n\n\n<p><strong>Yaz\u0131 T\u00fcr\u00fc :\u00a0<\/strong>Rika<\/p>\n\n\n\n<p><strong>Yer Numaras\u0131 :<\/strong> 3853 (27 defter halinde)<\/p>\n\n\n\n<p><strong>Kitap Hakk\u0131nda :<\/strong>\u00a0\u0130bn Arab\u00ee&#8217;ye ait olan Fus\u00fbs\u00fc&#8217;l-Hikem 27 Fas\u0131ldan olu\u015fmaktad\u0131r. Her fas\u0131l bir peygamberin ismine has k\u0131l\u0131nm\u0131\u015f olup o isimde m\u00fcndemic olan hikmetler  \u00fczerinde durulmu\u015ftur. Avn\u00ee Bey, F\u00fcs\u00fbs&#8217;a birde mukaddime yazm\u0131\u015ft\u0131r. Bu mukkaddime ba\u015fl\u0131 ba\u015f\u0131na bir kitap niteli\u011findedir. Fus\u00fbs\u00fc&#8217;l-Hikem okunmaya ba\u015flanmadan \u00f6nce bu mukaddimenin okunmas\u0131 gerekmektedir. \u00c7\u00fcnk\u00fc kimi fas\u0131llarda baz\u0131 konulara de\u011finirken mukaddimede verildi\u011fi, izah\u0131n\u0131n uzun olaca\u011f\u0131 y\u00f6n\u00fcnde y\u00f6nlendirmeler mevcuttur. F\u00fcs\u00fbs, Hz. \u00c2dem (a.s.)&#8217;la ba\u015flay\u0131p Peygamber Efendimiz (s.a.s.)&#8217;le hatm olmaktad\u0131r. Eser&#8217;in Konya Mevl\u00e2n\u00e2 M\u00fczesinde bulunan n\u00fcshas\u0131 mukaddimeyle birlikte 28 defter&#8217;dir. <strong>Mustafa Tahral\u0131 <\/strong>ve merhum <strong>Sel\u00e7uk Erayd\u0131n <\/strong>taraf\u0131ndan \u00e7eviri yaz\u0131s\u0131 yap\u0131larak yay\u0131nlanm\u0131\u015ft\u0131r. <\/p>\n","protected":false},"excerpt":{"rendered":"<p>Genel Bilgiler Eser ad\u0131 :\u00a0\u015eerh-i Fus\u00fbs\u00fc&#8217;l-Hikem Yazar\u00a0:\u00a0Ahmed Avn\u00ee Konuk Bulundu\u011fu K\u00fct\u00fcphane : Mevlana M\u00fczesi-Konya- Dil :\u00a0Osmanl\u0131 T\u00fcrk\u00e7esi Yaz\u0131 T\u00fcr\u00fc :\u00a0Rika [&hellip;]<\/p>\n","protected":false},"author":1,"featured_media":0,"parent":0,"menu_order":0,"comment_status":"open","ping_status":"closed","template":"page-templates\/template_fullwidth_slider.php","meta":{"footnotes":""},"class_list":["post-1126","page","type-page","status-publish","hentry"],"jetpack_sharing_enabled":true,"_links":{"self":[{"href":"https:\/\/www.ahmedavnikonuk.com\/index.php?rest_route=\/wp\/v2\/pages\/1126","targetHints":{"allow":["GET"]}}],"collection":[{"href":"https:\/\/www.ahmedavnikonuk.com\/index.php?rest_route=\/wp\/v2\/pages"}],"about":[{"href":"https:\/\/www.ahmedavnikonuk.com\/index.php?rest_route=\/wp\/v2\/types\/page"}],"author":[{"embeddable":true,"href":"https:\/\/www.ahmedavnikonuk.com\/index.php?rest_route=\/wp\/v2\/users\/1"}],"replies":[{"embeddable":true,"href":"https:\/\/www.ahmedavnikonuk.com\/index.php?rest_route=%2Fwp%2Fv2%2Fcomments&post=1126"}],"version-history":[{"count":2,"href":"https:\/\/www.ahmedavnikonuk.com\/index.php?rest_route=\/wp\/v2\/pages\/1126\/revisions"}],"predecessor-version":[{"id":1668,"href":"https:\/\/www.ahmedavnikonuk.com\/index.php?rest_route=\/wp\/v2\/pages\/1126\/revisions\/1668"}],"wp:attachment":[{"href":"https:\/\/www.ahmedavnikonuk.com\/index.php?rest_route=%2Fwp%2Fv2%2Fmedia&parent=1126"}],"curies":[{"name":"wp","href":"https:\/\/api.w.org\/{rel}","templated":true}]}}