{"id":1024,"date":"2020-06-27T08:39:09","date_gmt":"2020-06-27T08:39:09","guid":{"rendered":"http:\/\/www.ahmedavnikonuk.com\/?page_id=1024"},"modified":"2025-07-31T05:34:33","modified_gmt":"2025-07-31T05:34:33","slug":"e-kitap","status":"publish","type":"page","link":"https:\/\/www.ahmedavnikonuk.com\/?page_id=1024","title":{"rendered":"E-Kitap"},"content":{"rendered":"\n<p><\/p>\n\n\n\n<p class=\"has-text-color has-background has-text-align-left has-normal-font-size has-primary-color has-quinary-background-color\"><span style=\"color:#080b0c\" class=\"has-inline-color\">             Ahmed Avni Konuk&#8217;un eserleri, el yaz\u0131s\u0131yla kaydedilmi\u015f oldu\u011fundan b\u00fct\u00fcn eserleri matbu metne \u00e7evrilecektir. \u00c7evirisi tamamlanan eserler, peyderpey e-kitap olarak payla\u015f\u0131lacakt\u0131r. <\/span>Pdf format\u0131nda yay\u0131na verilecek olan eserler hem Osmanl\u0131 T\u00fcrk\u00e7esiyle hem de Latin alfabesiyledir.<\/p>\n\n\n\n<p style=\"background-color:#eff1f2\" class=\"has-background has-text-align-center\"><strong><em>PDF dosyas\u0131 verilmi\u015f olan eserlerle ilgili ayr\u0131nt\u0131l\u0131 bilgi i\u00e7in &#8220;Eserleri&#8221;  ba\u015fl\u0131\u011f\u0131nda yer alan eser ismine t\u0131klay\u0131n\u0131z<\/em><\/strong><\/p>\n\n\n\n<p class=\"has-text-align-left has-medium-font-size\">                <\/p>\n\n\n\n<p style=\"background-color:#eff7fa\" class=\"has-background has-text-align-center\"><em><strong>PDF dosyas\u0131na ula\u015fmak i\u00e7in  &#8220;e-kitap&#8221; ba\u015fl\u0131\u011f\u0131ndaki eser ismine t\u0131klay\u0131n\u0131z.<\/strong><\/em><\/p>\n\n\n\n<p><\/p>\n","protected":false},"excerpt":{"rendered":"<p>Ahmed Avni Konuk&#8217;un eserleri, el yaz\u0131s\u0131yla kaydedilmi\u015f oldu\u011fundan b\u00fct\u00fcn eserleri matbu metne \u00e7evrilecektir. \u00c7evirisi tamamlanan eserler, peyderpey e-kitap olarak payla\u015f\u0131lacakt\u0131r. [&hellip;]<\/p>\n","protected":false},"author":1,"featured_media":0,"parent":0,"menu_order":0,"comment_status":"open","ping_status":"closed","template":"page-templates\/template_fullwidth_slider.php","meta":{"footnotes":""},"class_list":["post-1024","page","type-page","status-publish","hentry"],"jetpack_sharing_enabled":true,"_links":{"self":[{"href":"https:\/\/www.ahmedavnikonuk.com\/index.php?rest_route=\/wp\/v2\/pages\/1024","targetHints":{"allow":["GET"]}}],"collection":[{"href":"https:\/\/www.ahmedavnikonuk.com\/index.php?rest_route=\/wp\/v2\/pages"}],"about":[{"href":"https:\/\/www.ahmedavnikonuk.com\/index.php?rest_route=\/wp\/v2\/types\/page"}],"author":[{"embeddable":true,"href":"https:\/\/www.ahmedavnikonuk.com\/index.php?rest_route=\/wp\/v2\/users\/1"}],"replies":[{"embeddable":true,"href":"https:\/\/www.ahmedavnikonuk.com\/index.php?rest_route=%2Fwp%2Fv2%2Fcomments&post=1024"}],"version-history":[{"count":12,"href":"https:\/\/www.ahmedavnikonuk.com\/index.php?rest_route=\/wp\/v2\/pages\/1024\/revisions"}],"predecessor-version":[{"id":1576,"href":"https:\/\/www.ahmedavnikonuk.com\/index.php?rest_route=\/wp\/v2\/pages\/1024\/revisions\/1576"}],"wp:attachment":[{"href":"https:\/\/www.ahmedavnikonuk.com\/index.php?rest_route=%2Fwp%2Fv2%2Fmedia&parent=1024"}],"curies":[{"name":"wp","href":"https:\/\/api.w.org\/{rel}","templated":true}]}}